{"id":625,"date":"2023-10-29T17:43:47","date_gmt":"2023-10-29T16:43:47","guid":{"rendered":"https:\/\/preventmi.infodef.com.es\/projektresultat\/"},"modified":"2025-06-11T20:22:50","modified_gmt":"2025-06-11T18:22:50","slug":"projektresultat","status":"publish","type":"page","link":"https:\/\/preventmi.infodef.com.es\/sv\/projektresultat\/","title":{"rendered":"PROJEKTRESULTAT"},"content":{"rendered":"\t\t<div data-elementor-type=\"wp-page\" data-elementor-id=\"625\" class=\"elementor elementor-625 elementor-23\">\n\t\t\t\t\t\t<section class=\"elementor-section elementor-top-section elementor-element elementor-element-39b909c elementor-section-boxed elementor-section-height-default elementor-section-height-default wpr-particle-no wpr-jarallax-no wpr-parallax-no wpr-sticky-section-no wpr-equal-height-no\" data-id=\"39b909c\" data-element_type=\"section\" data-e-type=\"section\" data-settings=\"{&quot;background_background&quot;:&quot;classic&quot;}\">\n\t\t\t\t\t\t\t<div class=\"elementor-background-overlay\"><\/div>\n\t\t\t\t\t\t\t<div class=\"elementor-container elementor-column-gap-default\">\n\t\t\t\t\t<div class=\"elementor-column elementor-col-100 elementor-top-column elementor-element elementor-element-effba05\" data-id=\"effba05\" data-element_type=\"column\" data-e-type=\"column\">\n\t\t\t<div class=\"elementor-widget-wrap elementor-element-populated\">\n\t\t\t\t\t\t<div class=\"elementor-element elementor-element-e4a92e6 elementor-widget elementor-widget-heading\" data-id=\"e4a92e6\" data-element_type=\"widget\" data-e-type=\"widget\" data-widget_type=\"heading.default\">\n\t\t\t\t<div class=\"elementor-widget-container\">\n\t\t\t\t\t<h2 class=\"elementor-heading-title elementor-size-default\">PROJEKTRESULTAT<\/h2>\t\t\t\t<\/div>\n\t\t\t\t<\/div>\n\t\t\t\t<div class=\"elementor-element elementor-element-46b32e9 elementor-widget elementor-widget-text-editor\" data-id=\"46b32e9\" data-element_type=\"widget\" data-e-type=\"widget\" data-widget_type=\"text-editor.default\">\n\t\t\t\t<div class=\"elementor-widget-container\">\n\t\t\t\t\t\t\t\t\t<p>Prevent Mi<\/p>\t\t\t\t\t\t\t\t<\/div>\n\t\t\t\t<\/div>\n\t\t\t\t\t<\/div>\n\t\t<\/div>\n\t\t\t\t\t<\/div>\n\t\t<\/section>\n\t\t\t\t<section class=\"wpr-jarallax elementor-section elementor-top-section elementor-element elementor-element-23259c4 wpr-jarallax-yes elementor-section-boxed elementor-section-height-default elementor-section-height-default wpr-particle-no wpr-parallax-no wpr-sticky-section-no wpr-equal-height-no\" speed-data=\"1.4\" bg-image=\"\" bg-image-mobile=\"\" scroll-effect=\"scroll\" data-id=\"23259c4\" data-element_type=\"section\" data-e-type=\"section\" data-settings=\"{&quot;background_background&quot;:&quot;classic&quot;}\">\n\t\t\t\t\t\t<div class=\"elementor-container elementor-column-gap-default\">\n\t\t\t\t\t<div class=\"elementor-column elementor-col-50 elementor-top-column elementor-element elementor-element-f82221b elementor-invisible\" data-id=\"f82221b\" data-element_type=\"column\" data-e-type=\"column\" data-settings=\"{&quot;animation&quot;:&quot;slideInLeft&quot;}\">\n\t\t\t<div class=\"elementor-widget-wrap elementor-element-populated\">\n\t\t\t\t\t\t<div class=\"elementor-element elementor-element-e3a3f27 elementor-widget elementor-widget-heading\" data-id=\"e3a3f27\" data-element_type=\"widget\" data-e-type=\"widget\" data-widget_type=\"heading.default\">\n\t\t\t\t<div class=\"elementor-widget-container\">\n\t\t\t\t\t<h2 class=\"elementor-heading-title elementor-size-default\">Utbildningsplan f\u00f6r till\u00e4mpning av emotionell intelligens och transformativt l\u00e4rande f\u00f6r att f\u00f6rhindra radikalisering av marginaliserade unga migranter \n<\/h2>\t\t\t\t<\/div>\n\t\t\t\t<\/div>\n\t\t\t\t<div class=\"elementor-element elementor-element-2c8620d elementor-widget elementor-widget-text-editor\" data-id=\"2c8620d\" data-element_type=\"widget\" data-e-type=\"widget\" data-widget_type=\"text-editor.default\">\n\t\t\t\t<div class=\"elementor-widget-container\">\n\t\t\t\t\t\t\t\t\t<p><span style=\"font-weight: 400;\">Utbildningsplanen syftar till att utrusta ungdomsarbetare med innovativa elevcentrerade metoder och digitala verktyg f\u00f6r att f\u00f6rhindra radikalisering av invandrarungdomar genom emotionell intelligens och transformativt l\u00e4rande. Detta kommer att bidra till att st\u00f6dja kvalitetsutveckling, innovation och digital transformation i ungdomsarbetet och fr\u00e4mja social integration av unga migranter. Konsortiet kommer att utveckla detta projektresultat genom att definiera och kartl\u00e4gga de l\u00e4randeresultat (LO) som ungdomsarbetare beh\u00f6ver f\u00f6r att arbeta med projekt\u00e4mnet.  <\/span><\/p><p> <\/p><p><span style=\"font-weight: 400;\">Denna nya och aldrig tidigare sk\u00e5dade utbildningsplan kommer att utvecklas av europeiska referenssystem, s\u00e5som EQF, f\u00f6r att fr\u00e4mja utv\u00e4rdering och bed\u00f6mning av utbildning enligt LO-strategin. \u00d6verf\u00f6rbarheten av detta projektresultat, som kommer att finnas tillg\u00e4ngligt som en OER p\u00e5 engelska och alla konsortiets spr\u00e5k, kommer att bidra till att skapa betydande utsikter f\u00f6r ytterligare spridning och implementering av l\u00e4roplanen p\u00e5 nationell och europeisk niv\u00e5. Projektets spridnings- och h\u00e5llbarhetsstrategi kommer att st\u00f6dja en utbredd tillg\u00e5ng till detta arbetspakets resultat p\u00e5 lokal, nationell och europeisk niv\u00e5.  <\/span><\/p>\t\t\t\t\t\t\t\t<\/div>\n\t\t\t\t<\/div>\n\t\t\t\t<div class=\"elementor-element elementor-element-a785080 elementor-icon-list--layout-traditional elementor-list-item-link-full_width elementor-widget elementor-widget-icon-list\" data-id=\"a785080\" data-element_type=\"widget\" data-e-type=\"widget\" data-widget_type=\"icon-list.default\">\n\t\t\t\t<div class=\"elementor-widget-container\">\n\t\t\t\t\t\t\t<ul class=\"elementor-icon-list-items\">\n\t\t\t\t\t\t\t<li class=\"elementor-icon-list-item\">\n\t\t\t\t\t\t\t\t\t\t\t<a href=\"https:\/\/preventmi.infodef.com.es\/wp-content\/uploads\/2025\/06\/PreventMI_WP2_EFC_FINAL_SE.pdf\" target=\"_blank\">\n\n\t\t\t\t\t\t\t\t\t\t\t\t<span class=\"elementor-icon-list-icon\">\n\t\t\t\t\t\t\t<svg aria-hidden=\"true\" class=\"e-font-icon-svg e-fas-check-circle\" viewBox=\"0 0 512 512\" xmlns=\"http:\/\/www.w3.org\/2000\/svg\"><path d=\"M504 256c0 136.967-111.033 248-248 248S8 392.967 8 256 119.033 8 256 8s248 111.033 248 248zM227.314 387.314l184-184c6.248-6.248 6.248-16.379 0-22.627l-22.627-22.627c-6.248-6.249-16.379-6.249-22.628 0L216 308.118l-70.059-70.059c-6.248-6.248-16.379-6.248-22.628 0l-22.627 22.627c-6.248 6.248-6.248 16.379 0 22.627l104 104c6.249 6.249 16.379 6.249 22.628.001z\"><\/path><\/svg>\t\t\t\t\t\t<\/span>\n\t\t\t\t\t\t\t\t\t\t<span class=\"elementor-icon-list-text\">Ladda ner utbildningsplanen<\/span>\n\t\t\t\t\t\t\t\t\t\t\t<\/a>\n\t\t\t\t\t\t\t\t\t<\/li>\n\t\t\t\t\t\t<\/ul>\n\t\t\t\t\t\t<\/div>\n\t\t\t\t<\/div>\n\t\t\t\t\t<\/div>\n\t\t<\/div>\n\t\t\t\t<div class=\"elementor-column elementor-col-50 elementor-top-column elementor-element elementor-element-0f65470 elementor-hidden-tablet elementor-hidden-mobile elementor-invisible\" data-id=\"0f65470\" data-element_type=\"column\" data-e-type=\"column\" data-settings=\"{&quot;animation&quot;:&quot;slideInRight&quot;,&quot;animation_delay&quot;:100}\">\n\t\t\t<div class=\"elementor-widget-wrap elementor-element-populated\">\n\t\t\t\t\t\t<div class=\"elementor-element elementor-element-5de006f elementor-widget elementor-widget-image\" data-id=\"5de006f\" data-element_type=\"widget\" data-e-type=\"widget\" data-widget_type=\"image.default\">\n\t\t\t\t<div class=\"elementor-widget-container\">\n\t\t\t\t\t\t\t\t\t\t\t\t\t\t\t<img decoding=\"async\" src=\"https:\/\/preventmi.infodef.com.es\/wp-content\/uploads\/2024\/08\/Imagen_home_2.jpg\" title=\"\" alt=\"\" loading=\"lazy\" \/>\t\t\t\t\t\t\t\t\t\t\t\t\t\t\t<\/div>\n\t\t\t\t<\/div>\n\t\t\t\t\t<\/div>\n\t\t<\/div>\n\t\t\t\t\t<\/div>\n\t\t<\/section>\n\t\t\t\t<section class=\"wpr-jarallax elementor-section elementor-top-section elementor-element elementor-element-1fd8fa1 wpr-jarallax-yes elementor-section-boxed elementor-section-height-default elementor-section-height-default wpr-particle-no wpr-parallax-no wpr-sticky-section-no wpr-equal-height-no\" speed-data=\"1.4\" bg-image=\"\" bg-image-mobile=\"\" scroll-effect=\"scroll\" data-id=\"1fd8fa1\" data-element_type=\"section\" data-e-type=\"section\" data-settings=\"{&quot;background_background&quot;:&quot;classic&quot;}\">\n\t\t\t\t\t\t\t<div class=\"elementor-background-overlay\"><\/div>\n\t\t\t\t\t\t\t<div class=\"elementor-container elementor-column-gap-default\">\n\t\t\t\t\t<div class=\"elementor-column elementor-col-50 elementor-top-column elementor-element elementor-element-30ad064 elementor-invisible\" data-id=\"30ad064\" data-element_type=\"column\" data-e-type=\"column\" data-settings=\"{&quot;animation&quot;:&quot;slideInLeft&quot;}\">\n\t\t\t<div class=\"elementor-widget-wrap elementor-element-populated\">\n\t\t\t\t\t\t<div class=\"elementor-element elementor-element-505fe2f elementor-widget elementor-widget-heading\" data-id=\"505fe2f\" data-element_type=\"widget\" data-e-type=\"widget\" data-widget_type=\"heading.default\">\n\t\t\t\t<div class=\"elementor-widget-container\">\n\t\t\t\t\t<h2 class=\"elementor-heading-title elementor-size-default\">PreventMI plattform f\u00f6r e-l\u00e4rande<\/h2>\t\t\t\t<\/div>\n\t\t\t\t<\/div>\n\t\t\t\t<div class=\"elementor-element elementor-element-b9b70fb elementor-widget elementor-widget-text-editor\" data-id=\"b9b70fb\" data-element_type=\"widget\" data-e-type=\"widget\" data-widget_type=\"text-editor.default\">\n\t\t\t\t<div class=\"elementor-widget-container\">\n\t\t\t\t\t\t\t\t\t<p><span style=\"font-weight: 400;\">Huvudsyftet med WP3. PreventMI eLearning Plaform \u00e4r att utforma och genomf\u00f6ra ett nytt IKT-baserat utbildningsverktyg och en upps\u00e4ttning funktionella och interaktiva tekniker och aktiviteter f\u00f6r ungdomsarbetare med fokus p\u00e5 att f\u00f6rebygga radikalisering av invandrarungdomar genom emotionell intelligens och transformativt l\u00e4rande.  <\/span><\/p><p><span style=\"font-weight: 400;\">Plattformen f\u00f6r e-l\u00e4rande kommer att tillhandah\u00e5lla en rad innovativa digitala tj\u00e4nster som st\u00f6der genomf\u00f6randet och hanteringen av IKT-baserade utbildningsprogram online som kommer att st\u00e5 till f\u00f6rfogande f\u00f6r projektdeltagare, supportrar, m\u00e5lanv\u00e4ndare och st\u00f6dmottagare. Dessutom kommer den att fungera som ett n\u00e4tverksnav i syfte att dela, fr\u00e4mja och integrera anv\u00e4ndningen av projektets resultat, som kommer att utformas som OER. <\/span><\/p>\t\t\t\t\t\t\t\t<\/div>\n\t\t\t\t<\/div>\n\t\t\t\t<div class=\"elementor-element elementor-element-38e84fa elementor-icon-list--layout-traditional elementor-list-item-link-full_width elementor-widget elementor-widget-icon-list\" data-id=\"38e84fa\" data-element_type=\"widget\" data-e-type=\"widget\" data-widget_type=\"icon-list.default\">\n\t\t\t\t<div class=\"elementor-widget-container\">\n\t\t\t\t\t\t\t<ul class=\"elementor-icon-list-items\">\n\t\t\t\t\t\t\t<li class=\"elementor-icon-list-item\">\n\t\t\t\t\t\t\t\t\t\t\t<a href=\"https:\/\/preventmilearning.infodef.com.es\/sv\/\" target=\"_blank\">\n\n\t\t\t\t\t\t\t\t\t\t\t\t<span class=\"elementor-icon-list-icon\">\n\t\t\t\t\t\t\t<svg aria-hidden=\"true\" class=\"e-font-icon-svg e-fas-check-circle\" viewBox=\"0 0 512 512\" xmlns=\"http:\/\/www.w3.org\/2000\/svg\"><path d=\"M504 256c0 136.967-111.033 248-248 248S8 392.967 8 256 119.033 8 256 8s248 111.033 248 248zM227.314 387.314l184-184c6.248-6.248 6.248-16.379 0-22.627l-22.627-22.627c-6.248-6.249-16.379-6.249-22.628 0L216 308.118l-70.059-70.059c-6.248-6.248-16.379-6.248-22.628 0l-22.627 22.627c-6.248 6.248-6.248 16.379 0 22.627l104 104c6.249 6.249 16.379 6.249 22.628.001z\"><\/path><\/svg>\t\t\t\t\t\t<\/span>\n\t\t\t\t\t\t\t\t\t\t<span class=\"elementor-icon-list-text\">G\u00e5 till plattformen f\u00f6r e-l\u00e4rande<\/span>\n\t\t\t\t\t\t\t\t\t\t\t<\/a>\n\t\t\t\t\t\t\t\t\t<\/li>\n\t\t\t\t\t\t<\/ul>\n\t\t\t\t\t\t<\/div>\n\t\t\t\t<\/div>\n\t\t\t\t\t<\/div>\n\t\t<\/div>\n\t\t\t\t<div class=\"elementor-column elementor-col-50 elementor-top-column elementor-element elementor-element-a91be85 elementor-hidden-tablet elementor-hidden-mobile elementor-invisible\" data-id=\"a91be85\" data-element_type=\"column\" data-e-type=\"column\" data-settings=\"{&quot;animation&quot;:&quot;slideInRight&quot;,&quot;animation_delay&quot;:100}\">\n\t\t\t<div class=\"elementor-widget-wrap elementor-element-populated\">\n\t\t\t\t\t\t<div class=\"elementor-element elementor-element-c9e664b elementor-widget elementor-widget-image\" data-id=\"c9e664b\" data-element_type=\"widget\" data-e-type=\"widget\" data-widget_type=\"image.default\">\n\t\t\t\t<div class=\"elementor-widget-container\">\n\t\t\t\t\t\t\t\t\t\t\t\t\t\t\t<img fetchpriority=\"high\" decoding=\"async\" width=\"800\" height=\"998\" src=\"https:\/\/preventmi.infodef.com.es\/wp-content\/uploads\/2023\/10\/lms.jpg\" class=\"attachment-large size-large wp-image-496\" alt=\"\" srcset=\"https:\/\/preventmi.infodef.com.es\/wp-content\/uploads\/2023\/10\/lms.jpg 800w, https:\/\/preventmi.infodef.com.es\/wp-content\/uploads\/2023\/10\/lms-240x300.jpg 240w, https:\/\/preventmi.infodef.com.es\/wp-content\/uploads\/2023\/10\/lms-768x958.jpg 768w\" sizes=\"(max-width: 800px) 100vw, 800px\" \/>\t\t\t\t\t\t\t\t\t\t\t\t\t\t\t<\/div>\n\t\t\t\t<\/div>\n\t\t\t\t\t<\/div>\n\t\t<\/div>\n\t\t\t\t\t<\/div>\n\t\t<\/section>\n\t\t\t\t<section class=\"elementor-section elementor-top-section elementor-element elementor-element-b1303d9 elementor-section-boxed elementor-section-height-default elementor-section-height-default wpr-particle-no wpr-jarallax-no wpr-parallax-no wpr-sticky-section-no wpr-equal-height-no\" data-id=\"b1303d9\" data-element_type=\"section\" data-e-type=\"section\" data-settings=\"{&quot;background_background&quot;:&quot;classic&quot;}\">\n\t\t\t\t\t\t\t<div class=\"elementor-background-overlay\"><\/div>\n\t\t\t\t\t\t\t<div class=\"elementor-container elementor-column-gap-wide\">\n\t\t\t\t\t<div class=\"elementor-column elementor-col-50 elementor-top-column elementor-element elementor-element-1d73277\" data-id=\"1d73277\" data-element_type=\"column\" data-e-type=\"column\">\n\t\t\t<div class=\"elementor-widget-wrap elementor-element-populated\">\n\t\t\t\t\t\t<div class=\"elementor-element elementor-element-11c329b elementor-widget elementor-widget-heading\" data-id=\"11c329b\" data-element_type=\"widget\" data-e-type=\"widget\" data-widget_type=\"heading.default\">\n\t\t\t\t<div class=\"elementor-widget-container\">\n\t\t\t\t\t<h2 class=\"elementor-heading-title elementor-size-default\">Verktygsl\u00e5da f\u00f6r PreventMI och personlig RoadmApp (V\u00e4gvisare)<\/h2>\t\t\t\t<\/div>\n\t\t\t\t<\/div>\n\t\t\t\t<div class=\"elementor-element elementor-element-01a66a4 elementor-widget elementor-widget-text-editor\" data-id=\"01a66a4\" data-element_type=\"widget\" data-e-type=\"widget\" data-widget_type=\"text-editor.default\">\n\t\t\t\t<div class=\"elementor-widget-container\">\n\t\t\t\t\t\t\t\t\t<p><span style=\"font-weight: 400;\">Personal RoadmApp syftar till att utveckla ett digitalt verktyg baserat p\u00e5 gamification och roadmapping-metoder f\u00f6r att engagera unga migranter i att till\u00e4mpa f\u00f6rebyggande av radikalisering av denna grupp i sin dagliga verksamhet.<\/span><\/p><p><span style=\"font-weight: 400;\">Toolkit syftar till att utveckla en upps\u00e4ttning funktionella och interaktiva tekniker, \u00f6vningar och praktiska aktiviteter som ska anv\u00e4ndas av ungdomsarbetare i deras arbete med unga migranter. <\/span><\/p><p><span style=\"font-weight: 400;\">B\u00e5da verktygen ger en ny karakt\u00e4r till utvecklingen av kapacitet och de unga migranternas engagemang i samband med f\u00f6rebyggande av radikalisering. N\u00e4r det g\u00e4ller missgynnade grupper som har sv\u00e5rt att f\u00e5 kontakt med dessa \u00e4mnen kommer anv\u00e4ndningen av dynamiska och deltagande verktyg att f\u00e5 dem att engagera sig och motivera dem. <\/span><\/p>\t\t\t\t\t\t\t\t<\/div>\n\t\t\t\t<\/div>\n\t\t\t\t<div class=\"elementor-element elementor-element-9df3ca5 elementor-icon-list--layout-traditional elementor-list-item-link-full_width elementor-widget elementor-widget-icon-list\" data-id=\"9df3ca5\" data-element_type=\"widget\" data-e-type=\"widget\" data-widget_type=\"icon-list.default\">\n\t\t\t\t<div class=\"elementor-widget-container\">\n\t\t\t\t\t\t\t<ul class=\"elementor-icon-list-items\">\n\t\t\t\t\t\t\t<li class=\"elementor-icon-list-item\">\n\t\t\t\t\t\t\t\t\t\t\t<a href=\"https:\/\/preventmi.infodef.com.es\/wp-content\/uploads\/2025\/06\/PreventMI_WP4_Toolkit_SE.pdf\" target=\"_blank\">\n\n\t\t\t\t\t\t\t\t\t\t\t\t<span class=\"elementor-icon-list-icon\">\n\t\t\t\t\t\t\t<svg aria-hidden=\"true\" class=\"e-font-icon-svg e-fas-check-circle\" viewBox=\"0 0 512 512\" xmlns=\"http:\/\/www.w3.org\/2000\/svg\"><path d=\"M504 256c0 136.967-111.033 248-248 248S8 392.967 8 256 119.033 8 256 8s248 111.033 248 248zM227.314 387.314l184-184c6.248-6.248 6.248-16.379 0-22.627l-22.627-22.627c-6.248-6.249-16.379-6.249-22.628 0L216 308.118l-70.059-70.059c-6.248-6.248-16.379-6.248-22.628 0l-22.627 22.627c-6.248 6.248-6.248 16.379 0 22.627l104 104c6.249 6.249 16.379 6.249 22.628.001z\"><\/path><\/svg>\t\t\t\t\t\t<\/span>\n\t\t\t\t\t\t\t\t\t\t<span class=\"elementor-icon-list-text\">Ladda ner verktygsl\u00e5dan<\/span>\n\t\t\t\t\t\t\t\t\t\t\t<\/a>\n\t\t\t\t\t\t\t\t\t<\/li>\n\t\t\t\t\t\t<\/ul>\n\t\t\t\t\t\t<\/div>\n\t\t\t\t<\/div>\n\t\t\t\t<div class=\"elementor-element elementor-element-ee600fd elementor-icon-list--layout-traditional elementor-list-item-link-full_width elementor-widget elementor-widget-icon-list\" data-id=\"ee600fd\" data-element_type=\"widget\" data-e-type=\"widget\" data-widget_type=\"icon-list.default\">\n\t\t\t\t<div class=\"elementor-widget-container\">\n\t\t\t\t\t\t\t<ul class=\"elementor-icon-list-items\">\n\t\t\t\t\t\t\t<li class=\"elementor-icon-list-item\">\n\t\t\t\t\t\t\t\t\t\t\t<a href=\"https:\/\/preventmi.innoqualitysystems.com\/index_de\" target=\"_blank\">\n\n\t\t\t\t\t\t\t\t\t\t\t\t<span class=\"elementor-icon-list-icon\">\n\t\t\t\t\t\t\t<svg aria-hidden=\"true\" class=\"e-font-icon-svg e-fas-check-circle\" viewBox=\"0 0 512 512\" xmlns=\"http:\/\/www.w3.org\/2000\/svg\"><path d=\"M504 256c0 136.967-111.033 248-248 248S8 392.967 8 256 119.033 8 256 8s248 111.033 248 248zM227.314 387.314l184-184c6.248-6.248 6.248-16.379 0-22.627l-22.627-22.627c-6.248-6.249-16.379-6.249-22.628 0L216 308.118l-70.059-70.059c-6.248-6.248-16.379-6.248-22.628 0l-22.627 22.627c-6.248 6.248-6.248 16.379 0 22.627l104 104c6.249 6.249 16.379 6.249 22.628.001z\"><\/path><\/svg>\t\t\t\t\t\t<\/span>\n\t\t\t\t\t\t\t\t\t\t<span class=\"elementor-icon-list-text\">G\u00e5 till Personal RoadmApp<\/span>\n\t\t\t\t\t\t\t\t\t\t\t<\/a>\n\t\t\t\t\t\t\t\t\t<\/li>\n\t\t\t\t\t\t<\/ul>\n\t\t\t\t\t\t<\/div>\n\t\t\t\t<\/div>\n\t\t\t\t\t<\/div>\n\t\t<\/div>\n\t\t\t\t<div class=\"elementor-column elementor-col-50 elementor-top-column elementor-element elementor-element-8406f64 elementor-hidden-tablet elementor-hidden-mobile\" data-id=\"8406f64\" data-element_type=\"column\" data-e-type=\"column\">\n\t\t\t<div class=\"elementor-widget-wrap elementor-element-populated\">\n\t\t\t\t\t\t<div class=\"elementor-element elementor-element-c4989af elementor-invisible elementor-widget elementor-widget-image\" data-id=\"c4989af\" data-element_type=\"widget\" data-e-type=\"widget\" data-settings=\"{&quot;_animation&quot;:&quot;fadeIn&quot;}\" data-widget_type=\"image.default\">\n\t\t\t\t<div class=\"elementor-widget-container\">\n\t\t\t\t\t\t\t\t\t\t\t\t\t\t\t<img decoding=\"async\" width=\"800\" height=\"534\" src=\"https:\/\/preventmi.infodef.com.es\/wp-content\/uploads\/2024\/08\/Imagen_home-1024x683.jpg\" class=\"attachment-large size-large wp-image-508\" alt=\"\" srcset=\"https:\/\/preventmi.infodef.com.es\/wp-content\/uploads\/2024\/08\/Imagen_home-1024x683.jpg 1024w, https:\/\/preventmi.infodef.com.es\/wp-content\/uploads\/2024\/08\/Imagen_home-300x200.jpg 300w, https:\/\/preventmi.infodef.com.es\/wp-content\/uploads\/2024\/08\/Imagen_home-768x512.jpg 768w, https:\/\/preventmi.infodef.com.es\/wp-content\/uploads\/2024\/08\/Imagen_home-1536x1025.jpg 1536w, https:\/\/preventmi.infodef.com.es\/wp-content\/uploads\/2024\/08\/Imagen_home.jpg 1920w\" sizes=\"(max-width: 800px) 100vw, 800px\" \/>\t\t\t\t\t\t\t\t\t\t\t\t\t\t\t<\/div>\n\t\t\t\t<\/div>\n\t\t\t\t\t<\/div>\n\t\t<\/div>\n\t\t\t\t\t<\/div>\n\t\t<\/section>\n\t\t\t\t<\/div>\n\t\t","protected":false},"excerpt":{"rendered":"<p>PROJEKTRESULTAT Prevent Mi Utbildningsplan f\u00f6r till\u00e4mpning av emotionell intelligens och transformativt l\u00e4rande f\u00f6r att f\u00f6rhindra radikalisering av marginaliserade unga migranter Utbildningsplanen syftar till att utrusta ungdomsarbetare med innovativa elevcentrerade metoder och digitala verktyg f\u00f6r att f\u00f6rhindra radikalisering av invandrarungdomar genom emotionell intelligens och transformativt l\u00e4rande. Detta kommer att bidra till att st\u00f6dja kvalitetsutveckling, innovation och digital transformation i ungdomsarbetet och fr\u00e4mja social integration av unga migranter. Konsortiet kommer att utveckla detta projektresultat genom att definiera och kartl\u00e4gga de l\u00e4randeresultat (LO) som ungdomsarbetare beh\u00f6ver f\u00f6r att arbeta med projekt\u00e4mnet. Denna nya och aldrig tidigare sk\u00e5dade utbildningsplan kommer att utvecklas av europeiska referenssystem, s\u00e5som EQF, f\u00f6r att fr\u00e4mja utv\u00e4rdering och bed\u00f6mning av utbildning enligt LO-strategin. \u00d6verf\u00f6rbarheten av detta projektresultat, som kommer att finnas tillg\u00e4ngligt som en OER p\u00e5 engelska och alla konsortiets spr\u00e5k, kommer att bidra till att skapa betydande utsikter f\u00f6r ytterligare spridning och implementering av l\u00e4roplanen p\u00e5 nationell och europeisk niv\u00e5. Projektets spridnings- och h\u00e5llbarhetsstrategi kommer att st\u00f6dja en utbredd tillg\u00e5ng till detta arbetspakets resultat p\u00e5 lokal, nationell och europeisk niv\u00e5. Ladda ner utbildningsplanen PreventMI plattform f\u00f6r e-l\u00e4rande Huvudsyftet med WP3. PreventMI eLearning Plaform \u00e4r att utforma och genomf\u00f6ra ett nytt IKT-baserat utbildningsverktyg och en upps\u00e4ttning funktionella och interaktiva tekniker och aktiviteter f\u00f6r ungdomsarbetare med fokus p\u00e5 att f\u00f6rebygga radikalisering av invandrarungdomar genom emotionell intelligens och transformativt l\u00e4rande. Plattformen f\u00f6r e-l\u00e4rande kommer att tillhandah\u00e5lla en rad innovativa digitala tj\u00e4nster som st\u00f6der genomf\u00f6randet och hanteringen av IKT-baserade utbildningsprogram online som kommer att st\u00e5 till f\u00f6rfogande f\u00f6r projektdeltagare, supportrar, m\u00e5lanv\u00e4ndare och st\u00f6dmottagare. Dessutom kommer den att fungera som ett n\u00e4tverksnav i syfte att dela, fr\u00e4mja och integrera anv\u00e4ndningen av projektets resultat, som kommer att utformas som OER. G\u00e5 till plattformen f\u00f6r e-l\u00e4rande Verktygsl\u00e5da f\u00f6r PreventMI och personlig RoadmApp (V\u00e4gvisare) Personal RoadmApp syftar till att utveckla ett digitalt verktyg baserat p\u00e5 gamification och roadmapping-metoder f\u00f6r att engagera unga migranter i att till\u00e4mpa f\u00f6rebyggande av radikalisering av denna grupp i sin dagliga verksamhet. Toolkit syftar till att utveckla en upps\u00e4ttning funktionella och interaktiva tekniker, \u00f6vningar och praktiska aktiviteter som ska anv\u00e4ndas av ungdomsarbetare i deras arbete med unga migranter. B\u00e5da verktygen ger en ny karakt\u00e4r till utvecklingen av kapacitet och de unga migranternas engagemang i samband med f\u00f6rebyggande av radikalisering. N\u00e4r det g\u00e4ller missgynnade grupper som har sv\u00e5rt att f\u00e5 kontakt med dessa \u00e4mnen kommer anv\u00e4ndningen av dynamiska och deltagande verktyg att f\u00e5 dem att engagera sig och motivera dem. Ladda ner verktygsl\u00e5dan G\u00e5 till Personal RoadmApp<\/p>\n","protected":false},"author":1,"featured_media":0,"parent":0,"menu_order":0,"comment_status":"closed","ping_status":"closed","template":"elementor_header_footer","meta":{"footnotes":""},"class_list":["post-625","page","type-page","status-publish","hentry"],"_links":{"self":[{"href":"https:\/\/preventmi.infodef.com.es\/sv\/wp-json\/wp\/v2\/pages\/625","targetHints":{"allow":["GET"]}}],"collection":[{"href":"https:\/\/preventmi.infodef.com.es\/sv\/wp-json\/wp\/v2\/pages"}],"about":[{"href":"https:\/\/preventmi.infodef.com.es\/sv\/wp-json\/wp\/v2\/types\/page"}],"author":[{"embeddable":true,"href":"https:\/\/preventmi.infodef.com.es\/sv\/wp-json\/wp\/v2\/users\/1"}],"replies":[{"embeddable":true,"href":"https:\/\/preventmi.infodef.com.es\/sv\/wp-json\/wp\/v2\/comments?post=625"}],"version-history":[{"count":4,"href":"https:\/\/preventmi.infodef.com.es\/sv\/wp-json\/wp\/v2\/pages\/625\/revisions"}],"predecessor-version":[{"id":683,"href":"https:\/\/preventmi.infodef.com.es\/sv\/wp-json\/wp\/v2\/pages\/625\/revisions\/683"}],"wp:attachment":[{"href":"https:\/\/preventmi.infodef.com.es\/sv\/wp-json\/wp\/v2\/media?parent=625"}],"curies":[{"name":"wp","href":"https:\/\/api.w.org\/{rel}","templated":true}]}}