{"id":615,"date":"2023-10-29T17:43:47","date_gmt":"2023-10-29T16:43:47","guid":{"rendered":"https:\/\/preventmi.infodef.com.es\/prosjektresultat\/"},"modified":"2026-03-06T17:49:27","modified_gmt":"2026-03-06T16:49:27","slug":"prosjektresultat","status":"publish","type":"page","link":"https:\/\/preventmi.infodef.com.es\/no\/prosjektresultat\/","title":{"rendered":"PROSJEKTRESULTAT"},"content":{"rendered":"\t\t<div data-elementor-type=\"wp-page\" data-elementor-id=\"615\" class=\"elementor elementor-615 elementor-23\">\n\t\t\t\t\t\t<section class=\"elementor-section elementor-top-section elementor-element elementor-element-39b909c elementor-section-boxed elementor-section-height-default elementor-section-height-default wpr-particle-no wpr-jarallax-no wpr-parallax-no wpr-sticky-section-no wpr-column-slider-no wpr-equal-height-no\" data-id=\"39b909c\" data-element_type=\"section\" data-e-type=\"section\" data-settings=\"{&quot;background_background&quot;:&quot;classic&quot;}\">\n\t\t\t\t\t\t\t<div class=\"elementor-background-overlay\"><\/div>\n\t\t\t\t\t\t\t<div class=\"elementor-container elementor-column-gap-default\">\n\t\t\t\t\t<div class=\"elementor-column elementor-col-100 elementor-top-column elementor-element elementor-element-effba05\" data-id=\"effba05\" data-element_type=\"column\" data-e-type=\"column\">\n\t\t\t<div class=\"elementor-widget-wrap elementor-element-populated\">\n\t\t\t\t\t\t<div class=\"elementor-element elementor-element-e4a92e6 elementor-widget elementor-widget-heading\" data-id=\"e4a92e6\" data-element_type=\"widget\" data-e-type=\"widget\" data-widget_type=\"heading.default\">\n\t\t\t\t<div class=\"elementor-widget-container\">\n\t\t\t\t\t<h2 class=\"elementor-heading-title elementor-size-default\">PROSJEKTRESULTAT<\/h2>\t\t\t\t<\/div>\n\t\t\t\t<\/div>\n\t\t\t\t<div class=\"elementor-element elementor-element-46b32e9 elementor-widget elementor-widget-text-editor\" data-id=\"46b32e9\" data-element_type=\"widget\" data-e-type=\"widget\" data-widget_type=\"text-editor.default\">\n\t\t\t\t<div class=\"elementor-widget-container\">\n\t\t\t\t\t\t\t\t\t<p>Prevent Mi<\/p>\t\t\t\t\t\t\t\t<\/div>\n\t\t\t\t<\/div>\n\t\t\t\t\t<\/div>\n\t\t<\/div>\n\t\t\t\t\t<\/div>\n\t\t<\/section>\n\t\t\t\t<section class=\"wpr-jarallax elementor-section elementor-top-section elementor-element elementor-element-23259c4 wpr-jarallax-yes elementor-section-boxed elementor-section-height-default elementor-section-height-default wpr-particle-no wpr-parallax-no wpr-sticky-section-no wpr-column-slider-no wpr-equal-height-no\" speed-data=\"1.4\" bg-image=\"\" bg-image-mobile=\"\" scroll-effect=\"scroll\" data-id=\"23259c4\" data-element_type=\"section\" data-e-type=\"section\" data-settings=\"{&quot;background_background&quot;:&quot;classic&quot;}\">\n\t\t\t\t\t\t<div class=\"elementor-container elementor-column-gap-default\">\n\t\t\t\t\t<div class=\"elementor-column elementor-col-50 elementor-top-column elementor-element elementor-element-f82221b elementor-invisible\" data-id=\"f82221b\" data-element_type=\"column\" data-e-type=\"column\" data-settings=\"{&quot;animation&quot;:&quot;slideInLeft&quot;}\">\n\t\t\t<div class=\"elementor-widget-wrap elementor-element-populated\">\n\t\t\t\t\t\t<div class=\"elementor-element elementor-element-e3a3f27 elementor-widget elementor-widget-heading\" data-id=\"e3a3f27\" data-element_type=\"widget\" data-e-type=\"widget\" data-widget_type=\"heading.default\">\n\t\t\t\t<div class=\"elementor-widget-container\">\n\t\t\t\t\t<h2 class=\"elementor-heading-title elementor-size-default\">Oppl\u00e6ringsplan i emosjonell intelligens og transformativ l\u00e6ring for \u00e5 forebygge radikalisering av marginaliserte unge migranter \n<\/h2>\t\t\t\t<\/div>\n\t\t\t\t<\/div>\n\t\t\t\t<div class=\"elementor-element elementor-element-2c8620d elementor-widget elementor-widget-text-editor\" data-id=\"2c8620d\" data-element_type=\"widget\" data-e-type=\"widget\" data-widget_type=\"text-editor.default\">\n\t\t\t\t<div class=\"elementor-widget-container\">\n\t\t\t\t\t\t\t\t\t<p><span style=\"font-weight: 400;\">Oppl\u00e6ringsplanen har som m\u00e5l \u00e5 utruste ungdomsarbeidere med innovative, deltakersentrerte metoder og digitale verkt\u00f8y for \u00e5 forebygge radikalisering av unge migranter gjennom emosjonell intelligens og transformativ l\u00e6ring. Dette kan bidra til kvalitetsutvikling, innovasjon og digital transformasjon innen ungdomsarbeid, og fremme sosial inkludering av unge migranter. Konsortiet vil bidra til det ved \u00e5 definere hvilke l\u00e6ringsresultater som ungdomsarbeidere trenger for \u00e5 gjennomf\u00f8re programmet.<\/span><\/p><p> <\/p><p><span style=\"font-weight: 400;\">Denne nye og banebrytende oppl\u00e6ringsplanen utvikles i tr\u00e5d med europeiske referansesystemer, som EQF, som fremmer evaluering og vurdering av oppl\u00e6ring basert p\u00e5 l\u00e6ringsutbytte. Dette prosjektresultatet vil v\u00e6re tilgjengelig som en \u00e5pen utdanningsressurs (OER) p\u00e5 engelsk og alle spr\u00e5k i konsortiet, noe som vil bidra til betydelige muligheter for spredning og implementering av oppl\u00e6ringsplanen p\u00e5 nasjonalt og europeisk niv\u00e5. Prosjektets formidlings- og b\u00e6rekraftsstrategi st\u00f8tter bred tilgang til resultatene av denne oppl\u00e6ringspakken p\u00e5 lokalt, nasjonalt og europeisk niv\u00e5.<\/span><\/p>\t\t\t\t\t\t\t\t<\/div>\n\t\t\t\t<\/div>\n\t\t\t\t<div class=\"elementor-element elementor-element-a785080 elementor-icon-list--layout-traditional elementor-list-item-link-full_width elementor-widget elementor-widget-icon-list\" data-id=\"a785080\" data-element_type=\"widget\" data-e-type=\"widget\" data-widget_type=\"icon-list.default\">\n\t\t\t\t<div class=\"elementor-widget-container\">\n\t\t\t\t\t\t\t<ul class=\"elementor-icon-list-items\">\n\t\t\t\t\t\t\t<li class=\"elementor-icon-list-item\">\n\t\t\t\t\t\t\t\t\t\t\t<a href=\"https:\/\/preventmi.infodef.com.es\/wp-content\/uploads\/2026\/03\/PreventMI_WP2_EFC_NO.pdf\" target=\"_blank\">\n\n\t\t\t\t\t\t\t\t\t\t\t\t<span class=\"elementor-icon-list-icon\">\n\t\t\t\t\t\t\t<svg aria-hidden=\"true\" class=\"e-font-icon-svg e-fas-check-circle\" viewBox=\"0 0 512 512\" xmlns=\"http:\/\/www.w3.org\/2000\/svg\"><path d=\"M504 256c0 136.967-111.033 248-248 248S8 392.967 8 256 119.033 8 256 8s248 111.033 248 248zM227.314 387.314l184-184c6.248-6.248 6.248-16.379 0-22.627l-22.627-22.627c-6.248-6.249-16.379-6.249-22.628 0L216 308.118l-70.059-70.059c-6.248-6.248-16.379-6.248-22.628 0l-22.627 22.627c-6.248 6.248-6.248 16.379 0 22.627l104 104c6.249 6.249 16.379 6.249 22.628.001z\"><\/path><\/svg>\t\t\t\t\t\t<\/span>\n\t\t\t\t\t\t\t\t\t\t<span class=\"elementor-icon-list-text\">Last ned oppl\u00e6ringsplanen<\/span>\n\t\t\t\t\t\t\t\t\t\t\t<\/a>\n\t\t\t\t\t\t\t\t\t<\/li>\n\t\t\t\t\t\t<\/ul>\n\t\t\t\t\t\t<\/div>\n\t\t\t\t<\/div>\n\t\t\t\t\t<\/div>\n\t\t<\/div>\n\t\t\t\t<div class=\"elementor-column elementor-col-50 elementor-top-column elementor-element elementor-element-0f65470 elementor-hidden-tablet elementor-hidden-mobile elementor-invisible\" data-id=\"0f65470\" data-element_type=\"column\" data-e-type=\"column\" data-settings=\"{&quot;animation&quot;:&quot;slideInRight&quot;,&quot;animation_delay&quot;:100}\">\n\t\t\t<div class=\"elementor-widget-wrap elementor-element-populated\">\n\t\t\t\t\t\t<div class=\"elementor-element elementor-element-5de006f elementor-widget elementor-widget-image\" data-id=\"5de006f\" data-element_type=\"widget\" data-e-type=\"widget\" data-widget_type=\"image.default\">\n\t\t\t\t<div class=\"elementor-widget-container\">\n\t\t\t\t\t\t\t\t\t\t\t\t\t\t\t<img decoding=\"async\" src=\"https:\/\/preventmi.infodef.com.es\/wp-content\/uploads\/2024\/08\/Imagen_home_2.jpg\" title=\"\" alt=\"\" loading=\"lazy\" \/>\t\t\t\t\t\t\t\t\t\t\t\t\t\t\t<\/div>\n\t\t\t\t<\/div>\n\t\t\t\t\t<\/div>\n\t\t<\/div>\n\t\t\t\t\t<\/div>\n\t\t<\/section>\n\t\t\t\t<section class=\"wpr-jarallax elementor-section elementor-top-section elementor-element elementor-element-1fd8fa1 wpr-jarallax-yes elementor-section-boxed elementor-section-height-default elementor-section-height-default wpr-particle-no wpr-parallax-no wpr-sticky-section-no wpr-column-slider-no wpr-equal-height-no\" speed-data=\"1.4\" bg-image=\"\" bg-image-mobile=\"\" scroll-effect=\"scroll\" data-id=\"1fd8fa1\" data-element_type=\"section\" data-e-type=\"section\" data-settings=\"{&quot;background_background&quot;:&quot;classic&quot;}\">\n\t\t\t\t\t\t\t<div class=\"elementor-background-overlay\"><\/div>\n\t\t\t\t\t\t\t<div class=\"elementor-container elementor-column-gap-default\">\n\t\t\t\t\t<div class=\"elementor-column elementor-col-50 elementor-top-column elementor-element elementor-element-30ad064 elementor-invisible\" data-id=\"30ad064\" data-element_type=\"column\" data-e-type=\"column\" data-settings=\"{&quot;animation&quot;:&quot;slideInLeft&quot;}\">\n\t\t\t<div class=\"elementor-widget-wrap elementor-element-populated\">\n\t\t\t\t\t\t<div class=\"elementor-element elementor-element-505fe2f elementor-widget elementor-widget-heading\" data-id=\"505fe2f\" data-element_type=\"widget\" data-e-type=\"widget\" data-widget_type=\"heading.default\">\n\t\t\t\t<div class=\"elementor-widget-container\">\n\t\t\t\t\t<h2 class=\"elementor-heading-title elementor-size-default\">PreventMIs e-l\u00e6ringsplattform<\/h2>\t\t\t\t<\/div>\n\t\t\t\t<\/div>\n\t\t\t\t<div class=\"elementor-element elementor-element-b9b70fb elementor-widget elementor-widget-text-editor\" data-id=\"b9b70fb\" data-element_type=\"widget\" data-e-type=\"widget\" data-widget_type=\"text-editor.default\">\n\t\t\t\t<div class=\"elementor-widget-container\">\n\t\t\t\t\t\t\t\t\t<p><span style=\"font-weight: 400;\">Hovedm\u00e5let med WP3. PreventMI eLearning Platform er \u00e5 utvikle og implementere et nytt IKT-basert pedagogisk verkt\u00f8y og en rekke funksjonelle og interaktive teknikker og aktiviteter for ungdomsarbeidere med fokus p\u00e5 \u00e5 forebygge radikalisering av unge migranter gjennom emosjonell intelligens og transformativ l\u00e6ring. <\/span><\/p><p><span style=\"font-weight: 400;\">E-l\u00e6ringsplattformen vil tilby en rekke innovative digitale tjenester som vil st\u00f8tte implementeringen og administrasjonen av IKT-baserte oppl\u00e6ringsprogrammer p\u00e5 nettet, som vil v\u00e6re tilgjengelige for prosjektdeltakere, st\u00f8ttespillere, m\u00e5lbrukere og mottakere. I tillegg vil den fungere som et nettverksknutepunkt for deling, promotering og integrering av prosjektresultatene, som vil bli utformet som \u00e5pne utdanningsressurser (OER).<\/span><\/p>\t\t\t\t\t\t\t\t<\/div>\n\t\t\t\t<\/div>\n\t\t\t\t<div class=\"elementor-element elementor-element-38e84fa elementor-icon-list--layout-traditional elementor-list-item-link-full_width elementor-widget elementor-widget-icon-list\" data-id=\"38e84fa\" data-element_type=\"widget\" data-e-type=\"widget\" data-widget_type=\"icon-list.default\">\n\t\t\t\t<div class=\"elementor-widget-container\">\n\t\t\t\t\t\t\t<ul class=\"elementor-icon-list-items\">\n\t\t\t\t\t\t\t<li class=\"elementor-icon-list-item\">\n\t\t\t\t\t\t\t\t\t\t\t<a href=\"https:\/\/preventmilearning.infodef.com.es\/no\/\" target=\"_blank\">\n\n\t\t\t\t\t\t\t\t\t\t\t\t<span class=\"elementor-icon-list-icon\">\n\t\t\t\t\t\t\t<svg aria-hidden=\"true\" class=\"e-font-icon-svg e-fas-check-circle\" viewBox=\"0 0 512 512\" xmlns=\"http:\/\/www.w3.org\/2000\/svg\"><path d=\"M504 256c0 136.967-111.033 248-248 248S8 392.967 8 256 119.033 8 256 8s248 111.033 248 248zM227.314 387.314l184-184c6.248-6.248 6.248-16.379 0-22.627l-22.627-22.627c-6.248-6.249-16.379-6.249-22.628 0L216 308.118l-70.059-70.059c-6.248-6.248-16.379-6.248-22.628 0l-22.627 22.627c-6.248 6.248-6.248 16.379 0 22.627l104 104c6.249 6.249 16.379 6.249 22.628.001z\"><\/path><\/svg>\t\t\t\t\t\t<\/span>\n\t\t\t\t\t\t\t\t\t\t<span class=\"elementor-icon-list-text\">F\u00e5 tilgang til e-l\u00e6ringsplattformen<\/span>\n\t\t\t\t\t\t\t\t\t\t\t<\/a>\n\t\t\t\t\t\t\t\t\t<\/li>\n\t\t\t\t\t\t<\/ul>\n\t\t\t\t\t\t<\/div>\n\t\t\t\t<\/div>\n\t\t\t\t\t<\/div>\n\t\t<\/div>\n\t\t\t\t<div class=\"elementor-column elementor-col-50 elementor-top-column elementor-element elementor-element-a91be85 elementor-hidden-tablet elementor-hidden-mobile elementor-invisible\" data-id=\"a91be85\" data-element_type=\"column\" data-e-type=\"column\" data-settings=\"{&quot;animation&quot;:&quot;slideInRight&quot;,&quot;animation_delay&quot;:100}\">\n\t\t\t<div class=\"elementor-widget-wrap elementor-element-populated\">\n\t\t\t\t\t\t<div class=\"elementor-element elementor-element-c9e664b elementor-widget elementor-widget-image\" data-id=\"c9e664b\" data-element_type=\"widget\" data-e-type=\"widget\" data-widget_type=\"image.default\">\n\t\t\t\t<div class=\"elementor-widget-container\">\n\t\t\t\t\t\t\t\t\t\t\t\t\t\t\t<img fetchpriority=\"high\" decoding=\"async\" width=\"800\" height=\"998\" src=\"https:\/\/preventmi.infodef.com.es\/wp-content\/uploads\/2023\/10\/lms.jpg\" class=\"attachment-large size-large wp-image-494\" alt=\"\" srcset=\"https:\/\/preventmi.infodef.com.es\/wp-content\/uploads\/2023\/10\/lms.jpg 800w, https:\/\/preventmi.infodef.com.es\/wp-content\/uploads\/2023\/10\/lms-240x300.jpg 240w, https:\/\/preventmi.infodef.com.es\/wp-content\/uploads\/2023\/10\/lms-768x958.jpg 768w\" sizes=\"(max-width: 800px) 100vw, 800px\" \/>\t\t\t\t\t\t\t\t\t\t\t\t\t\t\t<\/div>\n\t\t\t\t<\/div>\n\t\t\t\t\t<\/div>\n\t\t<\/div>\n\t\t\t\t\t<\/div>\n\t\t<\/section>\n\t\t\t\t<section class=\"elementor-section elementor-top-section elementor-element elementor-element-b1303d9 elementor-section-boxed elementor-section-height-default elementor-section-height-default wpr-particle-no wpr-jarallax-no wpr-parallax-no wpr-sticky-section-no wpr-column-slider-no wpr-equal-height-no\" data-id=\"b1303d9\" data-element_type=\"section\" data-e-type=\"section\" data-settings=\"{&quot;background_background&quot;:&quot;classic&quot;}\">\n\t\t\t\t\t\t\t<div class=\"elementor-background-overlay\"><\/div>\n\t\t\t\t\t\t\t<div class=\"elementor-container elementor-column-gap-wide\">\n\t\t\t\t\t<div class=\"elementor-column elementor-col-50 elementor-top-column elementor-element elementor-element-1d73277\" data-id=\"1d73277\" data-element_type=\"column\" data-e-type=\"column\">\n\t\t\t<div class=\"elementor-widget-wrap elementor-element-populated\">\n\t\t\t\t\t\t<div class=\"elementor-element elementor-element-11c329b elementor-widget elementor-widget-heading\" data-id=\"11c329b\" data-element_type=\"widget\" data-e-type=\"widget\" data-widget_type=\"heading.default\">\n\t\t\t\t<div class=\"elementor-widget-container\">\n\t\t\t\t\t<h2 class=\"elementor-heading-title elementor-size-default\">PreventMI-verkt\u00f8ykasse og personlig veikart<\/h2>\t\t\t\t<\/div>\n\t\t\t\t<\/div>\n\t\t\t\t<div class=\"elementor-element elementor-element-01a66a4 elementor-widget elementor-widget-text-editor\" data-id=\"01a66a4\" data-element_type=\"widget\" data-e-type=\"widget\" data-widget_type=\"text-editor.default\">\n\t\t\t\t<div class=\"elementor-widget-container\">\n\t\t\t\t\t\t\t\t\t<p><span style=\"font-weight: 400;\">Personlig veikart er et digitalt verkt\u00f8y basert p\u00e5 spillifisering og veikarttiln\u00e6rminger for \u00e5 engasjere unge migranter i \u00e5 forebygge radikalisering i hverdagen.<\/span><\/p><p><span style=\"font-weight: 400;\">Verkt\u00f8ykassen er et sett med funksjonelle og interaktive metoder, \u00f8velser og praktiske aktiviteter som kan brukes av ungdomsarbeidere i deres arbeid med unge migranter. <\/span><\/p><p><span style=\"font-weight: 400;\">Begge verkt\u00f8yene tilf\u00f8rer en ny dimensjon i utviklingen av ferdigheter og involvering av unge migranter i forebygging av radikalisering. For utsatte grupper som har vanskeligheter med \u00e5 koble seg til disse temaene, vil bruken av dynamiske og deltakende verkt\u00f8y f\u00e5 dem involvert og motivert. For utsatte grupper som har vanskeligheter med \u00e5 koble seg til disse temaene, vil bruken av dynamiske og deltakende verkt\u00f8y f\u00e5 dem involvert og motivert.<\/span><\/p>\t\t\t\t\t\t\t\t<\/div>\n\t\t\t\t<\/div>\n\t\t\t\t<div class=\"elementor-element elementor-element-9df3ca5 elementor-icon-list--layout-traditional elementor-list-item-link-full_width elementor-widget elementor-widget-icon-list\" data-id=\"9df3ca5\" data-element_type=\"widget\" data-e-type=\"widget\" data-widget_type=\"icon-list.default\">\n\t\t\t\t<div class=\"elementor-widget-container\">\n\t\t\t\t\t\t\t<ul class=\"elementor-icon-list-items\">\n\t\t\t\t\t\t\t<li class=\"elementor-icon-list-item\">\n\t\t\t\t\t\t\t\t\t\t\t<a href=\"https:\/\/preventmi.infodef.com.es\/wp-content\/uploads\/2025\/06\/PreventMI_WP4_Toolkit_NO.pdf\" target=\"_blank\">\n\n\t\t\t\t\t\t\t\t\t\t\t\t<span class=\"elementor-icon-list-icon\">\n\t\t\t\t\t\t\t<svg aria-hidden=\"true\" class=\"e-font-icon-svg e-fas-check-circle\" viewBox=\"0 0 512 512\" xmlns=\"http:\/\/www.w3.org\/2000\/svg\"><path d=\"M504 256c0 136.967-111.033 248-248 248S8 392.967 8 256 119.033 8 256 8s248 111.033 248 248zM227.314 387.314l184-184c6.248-6.248 6.248-16.379 0-22.627l-22.627-22.627c-6.248-6.249-16.379-6.249-22.628 0L216 308.118l-70.059-70.059c-6.248-6.248-16.379-6.248-22.628 0l-22.627 22.627c-6.248 6.248-6.248 16.379 0 22.627l104 104c6.249 6.249 16.379 6.249 22.628.001z\"><\/path><\/svg>\t\t\t\t\t\t<\/span>\n\t\t\t\t\t\t\t\t\t\t<span class=\"elementor-icon-list-text\">Last ned verkt\u00f8ykasse<\/span>\n\t\t\t\t\t\t\t\t\t\t\t<\/a>\n\t\t\t\t\t\t\t\t\t<\/li>\n\t\t\t\t\t\t<\/ul>\n\t\t\t\t\t\t<\/div>\n\t\t\t\t<\/div>\n\t\t\t\t<div class=\"elementor-element elementor-element-ee600fd elementor-icon-list--layout-traditional elementor-list-item-link-full_width elementor-widget elementor-widget-icon-list\" data-id=\"ee600fd\" data-element_type=\"widget\" data-e-type=\"widget\" data-widget_type=\"icon-list.default\">\n\t\t\t\t<div class=\"elementor-widget-container\">\n\t\t\t\t\t\t\t<ul class=\"elementor-icon-list-items\">\n\t\t\t\t\t\t\t<li class=\"elementor-icon-list-item\">\n\t\t\t\t\t\t\t\t\t\t\t<a href=\"https:\/\/preventmi.innoqualitysystems.com\/index_pt\" target=\"_blank\">\n\n\t\t\t\t\t\t\t\t\t\t\t\t<span class=\"elementor-icon-list-icon\">\n\t\t\t\t\t\t\t<svg aria-hidden=\"true\" class=\"e-font-icon-svg e-fas-check-circle\" viewBox=\"0 0 512 512\" xmlns=\"http:\/\/www.w3.org\/2000\/svg\"><path d=\"M504 256c0 136.967-111.033 248-248 248S8 392.967 8 256 119.033 8 256 8s248 111.033 248 248zM227.314 387.314l184-184c6.248-6.248 6.248-16.379 0-22.627l-22.627-22.627c-6.248-6.249-16.379-6.249-22.628 0L216 308.118l-70.059-70.059c-6.248-6.248-16.379-6.248-22.628 0l-22.627 22.627c-6.248 6.248-6.248 16.379 0 22.627l104 104c6.249 6.249 16.379 6.249 22.628.001z\"><\/path><\/svg>\t\t\t\t\t\t<\/span>\n\t\t\t\t\t\t\t\t\t\t<span class=\"elementor-icon-list-text\">F\u00e5 tilgang til personlig veikart<\/span>\n\t\t\t\t\t\t\t\t\t\t\t<\/a>\n\t\t\t\t\t\t\t\t\t<\/li>\n\t\t\t\t\t\t<\/ul>\n\t\t\t\t\t\t<\/div>\n\t\t\t\t<\/div>\n\t\t\t\t\t<\/div>\n\t\t<\/div>\n\t\t\t\t<div class=\"elementor-column elementor-col-50 elementor-top-column elementor-element elementor-element-8406f64 elementor-hidden-tablet elementor-hidden-mobile\" data-id=\"8406f64\" data-element_type=\"column\" data-e-type=\"column\">\n\t\t\t<div class=\"elementor-widget-wrap elementor-element-populated\">\n\t\t\t\t\t\t<div class=\"elementor-element elementor-element-c4989af elementor-invisible elementor-widget elementor-widget-image\" data-id=\"c4989af\" data-element_type=\"widget\" data-e-type=\"widget\" data-settings=\"{&quot;_animation&quot;:&quot;fadeIn&quot;}\" data-widget_type=\"image.default\">\n\t\t\t\t<div class=\"elementor-widget-container\">\n\t\t\t\t\t\t\t\t\t\t\t\t\t\t\t<img decoding=\"async\" width=\"800\" height=\"534\" src=\"https:\/\/preventmi.infodef.com.es\/wp-content\/uploads\/2024\/08\/Imagen_home-1024x683.jpg\" class=\"attachment-large size-large wp-image-506\" alt=\"\" srcset=\"https:\/\/preventmi.infodef.com.es\/wp-content\/uploads\/2024\/08\/Imagen_home-1024x683.jpg 1024w, https:\/\/preventmi.infodef.com.es\/wp-content\/uploads\/2024\/08\/Imagen_home-300x200.jpg 300w, https:\/\/preventmi.infodef.com.es\/wp-content\/uploads\/2024\/08\/Imagen_home-768x512.jpg 768w, https:\/\/preventmi.infodef.com.es\/wp-content\/uploads\/2024\/08\/Imagen_home-1536x1025.jpg 1536w, https:\/\/preventmi.infodef.com.es\/wp-content\/uploads\/2024\/08\/Imagen_home.jpg 1920w\" sizes=\"(max-width: 800px) 100vw, 800px\" \/>\t\t\t\t\t\t\t\t\t\t\t\t\t\t\t<\/div>\n\t\t\t\t<\/div>\n\t\t\t\t\t<\/div>\n\t\t<\/div>\n\t\t\t\t\t<\/div>\n\t\t<\/section>\n\t\t\t\t<\/div>\n\t\t","protected":false},"excerpt":{"rendered":"<p>PROSJEKTRESULTAT Prevent Mi Oppl\u00e6ringsplan i emosjonell intelligens og transformativ l\u00e6ring for \u00e5 forebygge radikalisering av marginaliserte unge migranter Oppl\u00e6ringsplanen har som m\u00e5l \u00e5 utruste ungdomsarbeidere med innovative, deltakersentrerte metoder og digitale verkt\u00f8y for \u00e5 forebygge radikalisering av unge migranter gjennom emosjonell intelligens og transformativ l\u00e6ring. Dette kan bidra til kvalitetsutvikling, innovasjon og digital transformasjon innen ungdomsarbeid, og fremme sosial inkludering av unge migranter. Konsortiet vil bidra til det ved \u00e5 definere hvilke l\u00e6ringsresultater som ungdomsarbeidere trenger for \u00e5 gjennomf\u00f8re programmet. Denne nye og banebrytende oppl\u00e6ringsplanen utvikles i tr\u00e5d med europeiske referansesystemer, som EQF, som fremmer evaluering og vurdering av oppl\u00e6ring basert p\u00e5 l\u00e6ringsutbytte. Dette prosjektresultatet vil v\u00e6re tilgjengelig som en \u00e5pen utdanningsressurs (OER) p\u00e5 engelsk og alle spr\u00e5k i konsortiet, noe som vil bidra til betydelige muligheter for spredning og implementering av oppl\u00e6ringsplanen p\u00e5 nasjonalt og europeisk niv\u00e5. Prosjektets formidlings- og b\u00e6rekraftsstrategi st\u00f8tter bred tilgang til resultatene av denne oppl\u00e6ringspakken p\u00e5 lokalt, nasjonalt og europeisk niv\u00e5. Last ned oppl\u00e6ringsplanen PreventMIs e-l\u00e6ringsplattform Hovedm\u00e5let med WP3. PreventMI eLearning Platform er \u00e5 utvikle og implementere et nytt IKT-basert pedagogisk verkt\u00f8y og en rekke funksjonelle og interaktive teknikker og aktiviteter for ungdomsarbeidere med fokus p\u00e5 \u00e5 forebygge radikalisering av unge migranter gjennom emosjonell intelligens og transformativ l\u00e6ring. E-l\u00e6ringsplattformen vil tilby en rekke innovative digitale tjenester som vil st\u00f8tte implementeringen og administrasjonen av IKT-baserte oppl\u00e6ringsprogrammer p\u00e5 nettet, som vil v\u00e6re tilgjengelige for prosjektdeltakere, st\u00f8ttespillere, m\u00e5lbrukere og mottakere. I tillegg vil den fungere som et nettverksknutepunkt for deling, promotering og integrering av prosjektresultatene, som vil bli utformet som \u00e5pne utdanningsressurser (OER). F\u00e5 tilgang til e-l\u00e6ringsplattformen PreventMI-verkt\u00f8ykasse og personlig veikart Personlig veikart er et digitalt verkt\u00f8y basert p\u00e5 spillifisering og veikarttiln\u00e6rminger for \u00e5 engasjere unge migranter i \u00e5 forebygge radikalisering i hverdagen. Verkt\u00f8ykassen er et sett med funksjonelle og interaktive metoder, \u00f8velser og praktiske aktiviteter som kan brukes av ungdomsarbeidere i deres arbeid med unge migranter. Begge verkt\u00f8yene tilf\u00f8rer en ny dimensjon i utviklingen av ferdigheter og involvering av unge migranter i forebygging av radikalisering. For utsatte grupper som har vanskeligheter med \u00e5 koble seg til disse temaene, vil bruken av dynamiske og deltakende verkt\u00f8y f\u00e5 dem involvert og motivert. For utsatte grupper som har vanskeligheter med \u00e5 koble seg til disse temaene, vil bruken av dynamiske og deltakende verkt\u00f8y f\u00e5 dem involvert og motivert. Last ned verkt\u00f8ykasse F\u00e5 tilgang til personlig veikart<\/p>\n","protected":false},"author":1,"featured_media":0,"parent":0,"menu_order":0,"comment_status":"closed","ping_status":"closed","template":"elementor_header_footer","meta":{"footnotes":""},"class_list":["post-615","page","type-page","status-publish","hentry"],"_links":{"self":[{"href":"https:\/\/preventmi.infodef.com.es\/no\/wp-json\/wp\/v2\/pages\/615","targetHints":{"allow":["GET"]}}],"collection":[{"href":"https:\/\/preventmi.infodef.com.es\/no\/wp-json\/wp\/v2\/pages"}],"about":[{"href":"https:\/\/preventmi.infodef.com.es\/no\/wp-json\/wp\/v2\/types\/page"}],"author":[{"embeddable":true,"href":"https:\/\/preventmi.infodef.com.es\/no\/wp-json\/wp\/v2\/users\/1"}],"replies":[{"embeddable":true,"href":"https:\/\/preventmi.infodef.com.es\/no\/wp-json\/wp\/v2\/comments?post=615"}],"version-history":[{"count":7,"href":"https:\/\/preventmi.infodef.com.es\/no\/wp-json\/wp\/v2\/pages\/615\/revisions"}],"predecessor-version":[{"id":747,"href":"https:\/\/preventmi.infodef.com.es\/no\/wp-json\/wp\/v2\/pages\/615\/revisions\/747"}],"wp:attachment":[{"href":"https:\/\/preventmi.infodef.com.es\/no\/wp-json\/wp\/v2\/media?parent=615"}],"curies":[{"name":"wp","href":"https:\/\/api.w.org\/{rel}","templated":true}]}}