{"id":608,"date":"2023-10-29T17:43:47","date_gmt":"2023-10-29T16:43:47","guid":{"rendered":"https:\/\/preventmi.infodef.com.es\/resultados-del-proyecto\/"},"modified":"2025-06-11T20:20:15","modified_gmt":"2025-06-11T18:20:15","slug":"resultados-del-proyecto","status":"publish","type":"page","link":"https:\/\/preventmi.infodef.com.es\/es\/resultados-del-proyecto\/","title":{"rendered":"Resultados del proyecto"},"content":{"rendered":"\t\t<div data-elementor-type=\"wp-page\" data-elementor-id=\"608\" class=\"elementor elementor-608 elementor-23\">\n\t\t\t\t\t\t<section class=\"elementor-section elementor-top-section elementor-element elementor-element-39b909c elementor-section-boxed elementor-section-height-default elementor-section-height-default wpr-particle-no wpr-jarallax-no wpr-parallax-no wpr-sticky-section-no wpr-equal-height-no\" data-id=\"39b909c\" data-element_type=\"section\" data-e-type=\"section\" data-settings=\"{&quot;background_background&quot;:&quot;classic&quot;}\">\n\t\t\t\t\t\t\t<div class=\"elementor-background-overlay\"><\/div>\n\t\t\t\t\t\t\t<div class=\"elementor-container elementor-column-gap-default\">\n\t\t\t\t\t<div class=\"elementor-column elementor-col-100 elementor-top-column elementor-element elementor-element-effba05\" data-id=\"effba05\" data-element_type=\"column\" data-e-type=\"column\">\n\t\t\t<div class=\"elementor-widget-wrap elementor-element-populated\">\n\t\t\t\t\t\t<div class=\"elementor-element elementor-element-e4a92e6 elementor-widget elementor-widget-heading\" data-id=\"e4a92e6\" data-element_type=\"widget\" data-e-type=\"widget\" data-widget_type=\"heading.default\">\n\t\t\t\t<div class=\"elementor-widget-container\">\n\t\t\t\t\t<h2 class=\"elementor-heading-title elementor-size-default\">Resultados del proyecto<\/h2>\t\t\t\t<\/div>\n\t\t\t\t<\/div>\n\t\t\t\t<div class=\"elementor-element elementor-element-46b32e9 elementor-widget elementor-widget-text-editor\" data-id=\"46b32e9\" data-element_type=\"widget\" data-e-type=\"widget\" data-widget_type=\"text-editor.default\">\n\t\t\t\t<div class=\"elementor-widget-container\">\n\t\t\t\t\t\t\t\t\t<p>Prevent Mi<\/p>\t\t\t\t\t\t\t\t<\/div>\n\t\t\t\t<\/div>\n\t\t\t\t\t<\/div>\n\t\t<\/div>\n\t\t\t\t\t<\/div>\n\t\t<\/section>\n\t\t\t\t<section class=\"wpr-jarallax elementor-section elementor-top-section elementor-element elementor-element-23259c4 wpr-jarallax-yes elementor-section-boxed elementor-section-height-default elementor-section-height-default wpr-particle-no wpr-parallax-no wpr-sticky-section-no wpr-equal-height-no\" speed-data=\"1.4\" bg-image=\"\" bg-image-mobile=\"\" scroll-effect=\"scroll\" data-id=\"23259c4\" data-element_type=\"section\" data-e-type=\"section\" data-settings=\"{&quot;background_background&quot;:&quot;classic&quot;}\">\n\t\t\t\t\t\t<div class=\"elementor-container elementor-column-gap-default\">\n\t\t\t\t\t<div class=\"elementor-column elementor-col-50 elementor-top-column elementor-element elementor-element-f82221b elementor-invisible\" data-id=\"f82221b\" data-element_type=\"column\" data-e-type=\"column\" data-settings=\"{&quot;animation&quot;:&quot;slideInLeft&quot;}\">\n\t\t\t<div class=\"elementor-widget-wrap elementor-element-populated\">\n\t\t\t\t\t\t<div class=\"elementor-element elementor-element-e3a3f27 elementor-widget elementor-widget-heading\" data-id=\"e3a3f27\" data-element_type=\"widget\" data-e-type=\"widget\" data-widget_type=\"heading.default\">\n\t\t\t\t<div class=\"elementor-widget-container\">\n\t\t\t\t\t<h2 class=\"elementor-heading-title elementor-size-default\">Curr\u00edculo de formaci\u00f3n sobre la aplicaci\u00f3n de la Inteligencia Emocional y el Aprendizaje Transformador para prevenir la radicalizaci\u00f3n de los j\u00f3venes migrantes marginados \n<\/h2>\t\t\t\t<\/div>\n\t\t\t\t<\/div>\n\t\t\t\t<div class=\"elementor-element elementor-element-2c8620d elementor-widget elementor-widget-text-editor\" data-id=\"2c8620d\" data-element_type=\"widget\" data-e-type=\"widget\" data-widget_type=\"text-editor.default\">\n\t\t\t\t<div class=\"elementor-widget-container\">\n\t\t\t\t\t\t\t\t\t<p><span style=\"font-weight: 400;\">El plan de formaci\u00f3n tiene como objetivo dotar a los trabajadores en el \u00e1mbito de la juventud de m\u00e9todos innovadores centrados en el alumno y herramientas digitales para prevenir la radicalizaci\u00f3n de los j\u00f3venes migrantes a trav\u00e9s de la Inteligencia Emocional y el Aprendizaje Transformador. Esto contribuir\u00e1 a apoyar el desarrollo de la calidad, la innovaci\u00f3n y la transformaci\u00f3n digital en el trabajo juvenil, y promover\u00e1 la inclusi\u00f3n social de los j\u00f3venes migrantes. El consorcio desarrollar\u00e1 este resultado del proyecto mediante la definici\u00f3n y el mapeo de los Resultados de Aprendizaje (LO) que los trabajadores juveniles necesitan para trabajar en el tema del proyecto.<\/span><\/p><p> <\/p><p><span style=\"font-weight: 400;\">Este novedoso e in\u00e9dito Curriculum de Formaci\u00f3n ser\u00e1 desarrollado por sistemas de referencia europeos, como el MEC, para promover la evaluaci\u00f3n y valoraci\u00f3n de la formaci\u00f3n siguiendo el enfoque de los LO. La transferibilidad del resultado de este proyecto, que estar\u00e1 disponible como REA en ingl\u00e9s y en todos los idiomas del consorcio, ayudar\u00e1 a crear perspectivas significativas para una mayor difusi\u00f3n e implementaci\u00f3n del Curriculum a nivel nacional y europeo. La Estrategia de Difusi\u00f3n y Sostenibilidad del proyecto apoyar\u00e1 el acceso generalizado a los resultados de este paquete de trabajo a escala local, nacional y europea.<\/span><\/p>\t\t\t\t\t\t\t\t<\/div>\n\t\t\t\t<\/div>\n\t\t\t\t<div class=\"elementor-element elementor-element-a785080 elementor-icon-list--layout-traditional elementor-list-item-link-full_width elementor-widget elementor-widget-icon-list\" data-id=\"a785080\" data-element_type=\"widget\" data-e-type=\"widget\" data-widget_type=\"icon-list.default\">\n\t\t\t\t<div class=\"elementor-widget-container\">\n\t\t\t\t\t\t\t<ul class=\"elementor-icon-list-items\">\n\t\t\t\t\t\t\t<li class=\"elementor-icon-list-item\">\n\t\t\t\t\t\t\t\t\t\t\t<a href=\"https:\/\/preventmi.infodef.com.es\/wp-content\/uploads\/2025\/06\/PreventMI_WP2_EFC_FINAL_ES.pdf\" target=\"_blank\">\n\n\t\t\t\t\t\t\t\t\t\t\t\t<span class=\"elementor-icon-list-icon\">\n\t\t\t\t\t\t\t<svg aria-hidden=\"true\" class=\"e-font-icon-svg e-fas-check-circle\" viewBox=\"0 0 512 512\" xmlns=\"http:\/\/www.w3.org\/2000\/svg\"><path d=\"M504 256c0 136.967-111.033 248-248 248S8 392.967 8 256 119.033 8 256 8s248 111.033 248 248zM227.314 387.314l184-184c6.248-6.248 6.248-16.379 0-22.627l-22.627-22.627c-6.248-6.249-16.379-6.249-22.628 0L216 308.118l-70.059-70.059c-6.248-6.248-16.379-6.248-22.628 0l-22.627 22.627c-6.248 6.248-6.248 16.379 0 22.627l104 104c6.249 6.249 16.379 6.249 22.628.001z\"><\/path><\/svg>\t\t\t\t\t\t<\/span>\n\t\t\t\t\t\t\t\t\t\t<span class=\"elementor-icon-list-text\">Descargar el Curr\u00edculo de formaci\u00f3n<\/span>\n\t\t\t\t\t\t\t\t\t\t\t<\/a>\n\t\t\t\t\t\t\t\t\t<\/li>\n\t\t\t\t\t\t<\/ul>\n\t\t\t\t\t\t<\/div>\n\t\t\t\t<\/div>\n\t\t\t\t\t<\/div>\n\t\t<\/div>\n\t\t\t\t<div class=\"elementor-column elementor-col-50 elementor-top-column elementor-element elementor-element-0f65470 elementor-hidden-tablet elementor-hidden-mobile elementor-invisible\" data-id=\"0f65470\" data-element_type=\"column\" data-e-type=\"column\" data-settings=\"{&quot;animation&quot;:&quot;slideInRight&quot;,&quot;animation_delay&quot;:100}\">\n\t\t\t<div class=\"elementor-widget-wrap elementor-element-populated\">\n\t\t\t\t\t\t<div class=\"elementor-element elementor-element-5de006f elementor-widget elementor-widget-image\" data-id=\"5de006f\" data-element_type=\"widget\" data-e-type=\"widget\" data-widget_type=\"image.default\">\n\t\t\t\t<div class=\"elementor-widget-container\">\n\t\t\t\t\t\t\t\t\t\t\t\t\t\t\t<img decoding=\"async\" src=\"https:\/\/preventmi.infodef.com.es\/wp-content\/uploads\/2024\/08\/Imagen_home_2.jpg\" title=\"\" alt=\"\" loading=\"lazy\" \/>\t\t\t\t\t\t\t\t\t\t\t\t\t\t\t<\/div>\n\t\t\t\t<\/div>\n\t\t\t\t\t<\/div>\n\t\t<\/div>\n\t\t\t\t\t<\/div>\n\t\t<\/section>\n\t\t\t\t<section class=\"wpr-jarallax elementor-section elementor-top-section elementor-element elementor-element-1fd8fa1 wpr-jarallax-yes elementor-section-boxed elementor-section-height-default elementor-section-height-default wpr-particle-no wpr-parallax-no wpr-sticky-section-no wpr-equal-height-no\" speed-data=\"1.4\" bg-image=\"\" bg-image-mobile=\"\" scroll-effect=\"scroll\" data-id=\"1fd8fa1\" data-element_type=\"section\" data-e-type=\"section\" data-settings=\"{&quot;background_background&quot;:&quot;classic&quot;}\">\n\t\t\t\t\t\t\t<div class=\"elementor-background-overlay\"><\/div>\n\t\t\t\t\t\t\t<div class=\"elementor-container elementor-column-gap-default\">\n\t\t\t\t\t<div class=\"elementor-column elementor-col-50 elementor-top-column elementor-element elementor-element-30ad064 elementor-invisible\" data-id=\"30ad064\" data-element_type=\"column\" data-e-type=\"column\" data-settings=\"{&quot;animation&quot;:&quot;slideInLeft&quot;}\">\n\t\t\t<div class=\"elementor-widget-wrap elementor-element-populated\">\n\t\t\t\t\t\t<div class=\"elementor-element elementor-element-505fe2f elementor-widget elementor-widget-heading\" data-id=\"505fe2f\" data-element_type=\"widget\" data-e-type=\"widget\" data-widget_type=\"heading.default\">\n\t\t\t\t<div class=\"elementor-widget-container\">\n\t\t\t\t\t<h2 class=\"elementor-heading-title elementor-size-default\">Plataforma de e-learning PreventMI<\/h2>\t\t\t\t<\/div>\n\t\t\t\t<\/div>\n\t\t\t\t<div class=\"elementor-element elementor-element-b9b70fb elementor-widget elementor-widget-text-editor\" data-id=\"b9b70fb\" data-element_type=\"widget\" data-e-type=\"widget\" data-widget_type=\"text-editor.default\">\n\t\t\t\t<div class=\"elementor-widget-container\">\n\t\t\t\t\t\t\t\t\t<p><span style=\"font-weight: 400;\">El objetivo principal del WP3. PreventMI eLearning Plaform es el dise\u00f1o e implementaci\u00f3n de una nueva herramienta educativa basada en las TIC y un conjunto de t\u00e9cnicas y actividades funcionales e interactivas para trabajadores juveniles centradas en la prevenci\u00f3n de la radicalizaci\u00f3n de los j\u00f3venes migrantes a trav\u00e9s de la Inteligencia Emocional y el Aprendizaje Transformador. <\/span><\/p><p><span style=\"font-weight: 400;\">La Plataforma e-Learning proporcionar\u00e1 un conjunto de servicios digitales innovadores que apoyar\u00e1n la implementaci\u00f3n y gesti\u00f3n de programas de formaci\u00f3n en l\u00ednea basados en las TIC que estar\u00e1n a disposici\u00f3n de los participantes en el proyecto, simpatizantes, usuarios objetivo y beneficiarios. Adem\u00e1s, actuar\u00e1 como centro de redes para compartir, promover y generalizar el uso de los resultados del proyecto, que se dise\u00f1ar\u00e1n como REA.<\/span><\/p>\t\t\t\t\t\t\t\t<\/div>\n\t\t\t\t<\/div>\n\t\t\t\t<div class=\"elementor-element elementor-element-38e84fa elementor-icon-list--layout-traditional elementor-list-item-link-full_width elementor-widget elementor-widget-icon-list\" data-id=\"38e84fa\" data-element_type=\"widget\" data-e-type=\"widget\" data-widget_type=\"icon-list.default\">\n\t\t\t\t<div class=\"elementor-widget-container\">\n\t\t\t\t\t\t\t<ul class=\"elementor-icon-list-items\">\n\t\t\t\t\t\t\t<li class=\"elementor-icon-list-item\">\n\t\t\t\t\t\t\t\t\t\t\t<a href=\"https:\/\/preventmilearning.infodef.com.es\/es\/\" target=\"_blank\">\n\n\t\t\t\t\t\t\t\t\t\t\t\t<span class=\"elementor-icon-list-icon\">\n\t\t\t\t\t\t\t<svg aria-hidden=\"true\" class=\"e-font-icon-svg e-fas-check-circle\" viewBox=\"0 0 512 512\" xmlns=\"http:\/\/www.w3.org\/2000\/svg\"><path d=\"M504 256c0 136.967-111.033 248-248 248S8 392.967 8 256 119.033 8 256 8s248 111.033 248 248zM227.314 387.314l184-184c6.248-6.248 6.248-16.379 0-22.627l-22.627-22.627c-6.248-6.249-16.379-6.249-22.628 0L216 308.118l-70.059-70.059c-6.248-6.248-16.379-6.248-22.628 0l-22.627 22.627c-6.248 6.248-6.248 16.379 0 22.627l104 104c6.249 6.249 16.379 6.249 22.628.001z\"><\/path><\/svg>\t\t\t\t\t\t<\/span>\n\t\t\t\t\t\t\t\t\t\t<span class=\"elementor-icon-list-text\">Acceder a la Plataforma de e-learning PreventMI<\/span>\n\t\t\t\t\t\t\t\t\t\t\t<\/a>\n\t\t\t\t\t\t\t\t\t<\/li>\n\t\t\t\t\t\t<\/ul>\n\t\t\t\t\t\t<\/div>\n\t\t\t\t<\/div>\n\t\t\t\t\t<\/div>\n\t\t<\/div>\n\t\t\t\t<div class=\"elementor-column elementor-col-50 elementor-top-column elementor-element elementor-element-a91be85 elementor-hidden-tablet elementor-hidden-mobile elementor-invisible\" data-id=\"a91be85\" data-element_type=\"column\" data-e-type=\"column\" data-settings=\"{&quot;animation&quot;:&quot;slideInRight&quot;,&quot;animation_delay&quot;:100}\">\n\t\t\t<div class=\"elementor-widget-wrap elementor-element-populated\">\n\t\t\t\t\t\t<div class=\"elementor-element elementor-element-c9e664b elementor-widget elementor-widget-image\" data-id=\"c9e664b\" data-element_type=\"widget\" data-e-type=\"widget\" data-widget_type=\"image.default\">\n\t\t\t\t<div class=\"elementor-widget-container\">\n\t\t\t\t\t\t\t\t\t\t\t\t\t\t\t<img fetchpriority=\"high\" decoding=\"async\" width=\"800\" height=\"998\" src=\"https:\/\/preventmi.infodef.com.es\/wp-content\/uploads\/2023\/10\/lms.jpg\" class=\"attachment-large size-large wp-image-495\" alt=\"\" srcset=\"https:\/\/preventmi.infodef.com.es\/wp-content\/uploads\/2023\/10\/lms.jpg 800w, https:\/\/preventmi.infodef.com.es\/wp-content\/uploads\/2023\/10\/lms-240x300.jpg 240w, https:\/\/preventmi.infodef.com.es\/wp-content\/uploads\/2023\/10\/lms-768x958.jpg 768w\" sizes=\"(max-width: 800px) 100vw, 800px\" \/>\t\t\t\t\t\t\t\t\t\t\t\t\t\t\t<\/div>\n\t\t\t\t<\/div>\n\t\t\t\t\t<\/div>\n\t\t<\/div>\n\t\t\t\t\t<\/div>\n\t\t<\/section>\n\t\t\t\t<section class=\"elementor-section elementor-top-section elementor-element elementor-element-b1303d9 elementor-section-boxed elementor-section-height-default elementor-section-height-default wpr-particle-no wpr-jarallax-no wpr-parallax-no wpr-sticky-section-no wpr-equal-height-no\" data-id=\"b1303d9\" data-element_type=\"section\" data-e-type=\"section\" data-settings=\"{&quot;background_background&quot;:&quot;classic&quot;}\">\n\t\t\t\t\t\t\t<div class=\"elementor-background-overlay\"><\/div>\n\t\t\t\t\t\t\t<div class=\"elementor-container elementor-column-gap-wide\">\n\t\t\t\t\t<div class=\"elementor-column elementor-col-50 elementor-top-column elementor-element elementor-element-1d73277\" data-id=\"1d73277\" data-element_type=\"column\" data-e-type=\"column\">\n\t\t\t<div class=\"elementor-widget-wrap elementor-element-populated\">\n\t\t\t\t\t\t<div class=\"elementor-element elementor-element-11c329b elementor-widget elementor-widget-heading\" data-id=\"11c329b\" data-element_type=\"widget\" data-e-type=\"widget\" data-widget_type=\"heading.default\">\n\t\t\t\t<div class=\"elementor-widget-container\">\n\t\t\t\t\t<h2 class=\"elementor-heading-title elementor-size-default\">PreventMI Toolkit y Personal RoadmApp<\/h2>\t\t\t\t<\/div>\n\t\t\t\t<\/div>\n\t\t\t\t<div class=\"elementor-element elementor-element-01a66a4 elementor-widget elementor-widget-text-editor\" data-id=\"01a66a4\" data-element_type=\"widget\" data-e-type=\"widget\" data-widget_type=\"text-editor.default\">\n\t\t\t\t<div class=\"elementor-widget-container\">\n\t\t\t\t\t\t\t\t\t<p><span style=\"font-weight: 400;\">La aplicaci\u00f3n \u00abPersonal RoadmApp\u00bb tiene como objetivo desarrollar una herramienta digital basada en la gamificaci\u00f3n y los enfoques de hoja de ruta para involucrar a los j\u00f3venes migrantes en la aplicaci\u00f3n de la prevenci\u00f3n de la radicalizaci\u00f3n de este grupo en su pr\u00e1ctica diaria.<\/span><\/p><p><span style=\"font-weight: 400;\">El Toolkit tiene como objetivo desarrollar un conjunto de t\u00e9cnicas funcionales e interactivas, ejercicios y actividades pr\u00e1cticas para ser utilizadas por trabajadores juveniles en su trabajo con j\u00f3venes migrantes. <\/span><\/p><p><span style=\"font-weight: 400;\">Ambas herramientas confieren un car\u00e1cter novedoso al desarrollo de capacidades y a la implicaci\u00f3n de los j\u00f3venes migrantes en relaci\u00f3n con la prevenci\u00f3n de la radicalizaci\u00f3n. En el caso de los grupos desfavorecidos que tienen dificultades para conectar con estos temas, el uso de herramientas din\u00e1micas y participativas conseguir\u00e1 implicarles y motivarles.<\/span><\/p>\t\t\t\t\t\t\t\t<\/div>\n\t\t\t\t<\/div>\n\t\t\t\t<div class=\"elementor-element elementor-element-9df3ca5 elementor-icon-list--layout-traditional elementor-list-item-link-full_width elementor-widget elementor-widget-icon-list\" data-id=\"9df3ca5\" data-element_type=\"widget\" data-e-type=\"widget\" data-widget_type=\"icon-list.default\">\n\t\t\t\t<div class=\"elementor-widget-container\">\n\t\t\t\t\t\t\t<ul class=\"elementor-icon-list-items\">\n\t\t\t\t\t\t\t<li class=\"elementor-icon-list-item\">\n\t\t\t\t\t\t\t\t\t\t\t<a href=\"https:\/\/preventmi.infodef.com.es\/wp-content\/uploads\/2025\/06\/PreventMI_WP4_Toolkit_ES.pdf\" target=\"_blank\">\n\n\t\t\t\t\t\t\t\t\t\t\t\t<span class=\"elementor-icon-list-icon\">\n\t\t\t\t\t\t\t<svg aria-hidden=\"true\" class=\"e-font-icon-svg e-fas-check-circle\" viewBox=\"0 0 512 512\" xmlns=\"http:\/\/www.w3.org\/2000\/svg\"><path d=\"M504 256c0 136.967-111.033 248-248 248S8 392.967 8 256 119.033 8 256 8s248 111.033 248 248zM227.314 387.314l184-184c6.248-6.248 6.248-16.379 0-22.627l-22.627-22.627c-6.248-6.249-16.379-6.249-22.628 0L216 308.118l-70.059-70.059c-6.248-6.248-16.379-6.248-22.628 0l-22.627 22.627c-6.248 6.248-6.248 16.379 0 22.627l104 104c6.249 6.249 16.379 6.249 22.628.001z\"><\/path><\/svg>\t\t\t\t\t\t<\/span>\n\t\t\t\t\t\t\t\t\t\t<span class=\"elementor-icon-list-text\">Descargar el Toolkit<\/span>\n\t\t\t\t\t\t\t\t\t\t\t<\/a>\n\t\t\t\t\t\t\t\t\t<\/li>\n\t\t\t\t\t\t<\/ul>\n\t\t\t\t\t\t<\/div>\n\t\t\t\t<\/div>\n\t\t\t\t<div class=\"elementor-element elementor-element-ee600fd elementor-icon-list--layout-traditional elementor-list-item-link-full_width elementor-widget elementor-widget-icon-list\" data-id=\"ee600fd\" data-element_type=\"widget\" data-e-type=\"widget\" data-widget_type=\"icon-list.default\">\n\t\t\t\t<div class=\"elementor-widget-container\">\n\t\t\t\t\t\t\t<ul class=\"elementor-icon-list-items\">\n\t\t\t\t\t\t\t<li class=\"elementor-icon-list-item\">\n\t\t\t\t\t\t\t\t\t\t\t<a href=\"https:\/\/preventmi.innoqualitysystems.com\/index_es\" target=\"_blank\">\n\n\t\t\t\t\t\t\t\t\t\t\t\t<span class=\"elementor-icon-list-icon\">\n\t\t\t\t\t\t\t<svg aria-hidden=\"true\" class=\"e-font-icon-svg e-fas-check-circle\" viewBox=\"0 0 512 512\" xmlns=\"http:\/\/www.w3.org\/2000\/svg\"><path d=\"M504 256c0 136.967-111.033 248-248 248S8 392.967 8 256 119.033 8 256 8s248 111.033 248 248zM227.314 387.314l184-184c6.248-6.248 6.248-16.379 0-22.627l-22.627-22.627c-6.248-6.249-16.379-6.249-22.628 0L216 308.118l-70.059-70.059c-6.248-6.248-16.379-6.248-22.628 0l-22.627 22.627c-6.248 6.248-6.248 16.379 0 22.627l104 104c6.249 6.249 16.379 6.249 22.628.001z\"><\/path><\/svg>\t\t\t\t\t\t<\/span>\n\t\t\t\t\t\t\t\t\t\t<span class=\"elementor-icon-list-text\">Acceder a la RoadmApp Personal<\/span>\n\t\t\t\t\t\t\t\t\t\t\t<\/a>\n\t\t\t\t\t\t\t\t\t<\/li>\n\t\t\t\t\t\t<\/ul>\n\t\t\t\t\t\t<\/div>\n\t\t\t\t<\/div>\n\t\t\t\t\t<\/div>\n\t\t<\/div>\n\t\t\t\t<div class=\"elementor-column elementor-col-50 elementor-top-column elementor-element elementor-element-8406f64 elementor-hidden-tablet elementor-hidden-mobile\" data-id=\"8406f64\" data-element_type=\"column\" data-e-type=\"column\">\n\t\t\t<div class=\"elementor-widget-wrap elementor-element-populated\">\n\t\t\t\t\t\t<div class=\"elementor-element elementor-element-c4989af elementor-invisible elementor-widget elementor-widget-image\" data-id=\"c4989af\" data-element_type=\"widget\" data-e-type=\"widget\" data-settings=\"{&quot;_animation&quot;:&quot;fadeIn&quot;}\" data-widget_type=\"image.default\">\n\t\t\t\t<div class=\"elementor-widget-container\">\n\t\t\t\t\t\t\t\t\t\t\t\t\t\t\t<img decoding=\"async\" width=\"800\" height=\"534\" src=\"https:\/\/preventmi.infodef.com.es\/wp-content\/uploads\/2024\/08\/Imagen_home-1024x683.jpg\" class=\"attachment-large size-large wp-image-507\" alt=\"\" srcset=\"https:\/\/preventmi.infodef.com.es\/wp-content\/uploads\/2024\/08\/Imagen_home-1024x683.jpg 1024w, https:\/\/preventmi.infodef.com.es\/wp-content\/uploads\/2024\/08\/Imagen_home-300x200.jpg 300w, https:\/\/preventmi.infodef.com.es\/wp-content\/uploads\/2024\/08\/Imagen_home-768x512.jpg 768w, https:\/\/preventmi.infodef.com.es\/wp-content\/uploads\/2024\/08\/Imagen_home-1536x1025.jpg 1536w, https:\/\/preventmi.infodef.com.es\/wp-content\/uploads\/2024\/08\/Imagen_home.jpg 1920w\" sizes=\"(max-width: 800px) 100vw, 800px\" \/>\t\t\t\t\t\t\t\t\t\t\t\t\t\t\t<\/div>\n\t\t\t\t<\/div>\n\t\t\t\t\t<\/div>\n\t\t<\/div>\n\t\t\t\t\t<\/div>\n\t\t<\/section>\n\t\t\t\t<\/div>\n\t\t","protected":false},"excerpt":{"rendered":"<p>Resultados del proyecto Prevent Mi Curr\u00edculo de formaci\u00f3n sobre la aplicaci\u00f3n de la Inteligencia Emocional y el Aprendizaje Transformador para prevenir la radicalizaci\u00f3n de los j\u00f3venes migrantes marginados El plan de formaci\u00f3n tiene como objetivo dotar a los trabajadores en el \u00e1mbito de la juventud de m\u00e9todos innovadores centrados en el alumno y herramientas digitales para prevenir la radicalizaci\u00f3n de los j\u00f3venes migrantes a trav\u00e9s de la Inteligencia Emocional y el Aprendizaje Transformador. Esto contribuir\u00e1 a apoyar el desarrollo de la calidad, la innovaci\u00f3n y la transformaci\u00f3n digital en el trabajo juvenil, y promover\u00e1 la inclusi\u00f3n social de los j\u00f3venes migrantes. El consorcio desarrollar\u00e1 este resultado del proyecto mediante la definici\u00f3n y el mapeo de los Resultados de Aprendizaje (LO) que los trabajadores juveniles necesitan para trabajar en el tema del proyecto. Este novedoso e in\u00e9dito Curriculum de Formaci\u00f3n ser\u00e1 desarrollado por sistemas de referencia europeos, como el MEC, para promover la evaluaci\u00f3n y valoraci\u00f3n de la formaci\u00f3n siguiendo el enfoque de los LO. La transferibilidad del resultado de este proyecto, que estar\u00e1 disponible como REA en ingl\u00e9s y en todos los idiomas del consorcio, ayudar\u00e1 a crear perspectivas significativas para una mayor difusi\u00f3n e implementaci\u00f3n del Curriculum a nivel nacional y europeo. La Estrategia de Difusi\u00f3n y Sostenibilidad del proyecto apoyar\u00e1 el acceso generalizado a los resultados de este paquete de trabajo a escala local, nacional y europea. Descargar el Curr\u00edculo de formaci\u00f3n Plataforma de e-learning PreventMI El objetivo principal del WP3. PreventMI eLearning Plaform es el dise\u00f1o e implementaci\u00f3n de una nueva herramienta educativa basada en las TIC y un conjunto de t\u00e9cnicas y actividades funcionales e interactivas para trabajadores juveniles centradas en la prevenci\u00f3n de la radicalizaci\u00f3n de los j\u00f3venes migrantes a trav\u00e9s de la Inteligencia Emocional y el Aprendizaje Transformador. La Plataforma e-Learning proporcionar\u00e1 un conjunto de servicios digitales innovadores que apoyar\u00e1n la implementaci\u00f3n y gesti\u00f3n de programas de formaci\u00f3n en l\u00ednea basados en las TIC que estar\u00e1n a disposici\u00f3n de los participantes en el proyecto, simpatizantes, usuarios objetivo y beneficiarios. Adem\u00e1s, actuar\u00e1 como centro de redes para compartir, promover y generalizar el uso de los resultados del proyecto, que se dise\u00f1ar\u00e1n como REA. Acceder a la Plataforma de e-learning PreventMI PreventMI Toolkit y Personal RoadmApp La aplicaci\u00f3n \u00abPersonal RoadmApp\u00bb tiene como objetivo desarrollar una herramienta digital basada en la gamificaci\u00f3n y los enfoques de hoja de ruta para involucrar a los j\u00f3venes migrantes en la aplicaci\u00f3n de la prevenci\u00f3n de la radicalizaci\u00f3n de este grupo en su pr\u00e1ctica diaria. El Toolkit tiene como objetivo desarrollar un conjunto de t\u00e9cnicas funcionales e interactivas, ejercicios y actividades pr\u00e1cticas para ser utilizadas por trabajadores juveniles en su trabajo con j\u00f3venes migrantes. Ambas herramientas confieren un car\u00e1cter novedoso al desarrollo de capacidades y a la implicaci\u00f3n de los j\u00f3venes migrantes en relaci\u00f3n con la prevenci\u00f3n de la radicalizaci\u00f3n. En el caso de los grupos desfavorecidos que tienen dificultades para conectar con estos temas, el uso de herramientas din\u00e1micas y participativas conseguir\u00e1 implicarles y motivarles. Descargar el Toolkit Acceder a la RoadmApp Personal<\/p>\n","protected":false},"author":1,"featured_media":0,"parent":0,"menu_order":0,"comment_status":"closed","ping_status":"closed","template":"elementor_header_footer","meta":{"footnotes":""},"class_list":["post-608","page","type-page","status-publish","hentry"],"_links":{"self":[{"href":"https:\/\/preventmi.infodef.com.es\/es\/wp-json\/wp\/v2\/pages\/608","targetHints":{"allow":["GET"]}}],"collection":[{"href":"https:\/\/preventmi.infodef.com.es\/es\/wp-json\/wp\/v2\/pages"}],"about":[{"href":"https:\/\/preventmi.infodef.com.es\/es\/wp-json\/wp\/v2\/types\/page"}],"author":[{"embeddable":true,"href":"https:\/\/preventmi.infodef.com.es\/es\/wp-json\/wp\/v2\/users\/1"}],"replies":[{"embeddable":true,"href":"https:\/\/preventmi.infodef.com.es\/es\/wp-json\/wp\/v2\/comments?post=608"}],"version-history":[{"count":4,"href":"https:\/\/preventmi.infodef.com.es\/es\/wp-json\/wp\/v2\/pages\/608\/revisions"}],"predecessor-version":[{"id":677,"href":"https:\/\/preventmi.infodef.com.es\/es\/wp-json\/wp\/v2\/pages\/608\/revisions\/677"}],"wp:attachment":[{"href":"https:\/\/preventmi.infodef.com.es\/es\/wp-json\/wp\/v2\/media?parent=608"}],"curies":[{"name":"wp","href":"https:\/\/api.w.org\/{rel}","templated":true}]}}