{"id":602,"date":"2023-10-29T17:45:09","date_gmt":"2023-10-29T16:45:09","guid":{"rendered":"https:\/\/preventmi.infodef.com.es\/noticias\/"},"modified":"2025-06-11T18:12:44","modified_gmt":"2025-06-11T16:12:44","slug":"noticias","status":"publish","type":"page","link":"https:\/\/preventmi.infodef.com.es\/es\/noticias\/","title":{"rendered":"Noticias"},"content":{"rendered":"\t\t<div data-elementor-type=\"wp-page\" data-elementor-id=\"602\" class=\"elementor elementor-602 elementor-30\">\n\t\t\t\t\t\t<section class=\"elementor-section elementor-top-section elementor-element elementor-element-66f8635 elementor-section-boxed elementor-section-height-default elementor-section-height-default wpr-particle-no wpr-jarallax-no wpr-parallax-no wpr-sticky-section-no wpr-equal-height-no\" data-id=\"66f8635\" data-element_type=\"section\" data-e-type=\"section\" data-settings=\"{&quot;background_background&quot;:&quot;classic&quot;}\">\n\t\t\t\t\t\t\t<div class=\"elementor-background-overlay\"><\/div>\n\t\t\t\t\t\t\t<div class=\"elementor-container elementor-column-gap-default\">\n\t\t\t\t\t<div class=\"elementor-column elementor-col-100 elementor-top-column elementor-element elementor-element-1dba7c1\" data-id=\"1dba7c1\" data-element_type=\"column\" data-e-type=\"column\">\n\t\t\t<div class=\"elementor-widget-wrap elementor-element-populated\">\n\t\t\t\t\t\t<div class=\"elementor-element elementor-element-319bca9 elementor-widget elementor-widget-heading\" data-id=\"319bca9\" data-element_type=\"widget\" data-e-type=\"widget\" data-widget_type=\"heading.default\">\n\t\t\t\t<div class=\"elementor-widget-container\">\n\t\t\t\t\t<h2 class=\"elementor-heading-title elementor-size-default\">Noticias<\/h2>\t\t\t\t<\/div>\n\t\t\t\t<\/div>\n\t\t\t\t<div class=\"elementor-element elementor-element-debc79e elementor-widget elementor-widget-text-editor\" data-id=\"debc79e\" data-element_type=\"widget\" data-e-type=\"widget\" data-widget_type=\"text-editor.default\">\n\t\t\t\t<div class=\"elementor-widget-container\">\n\t\t\t\t\t\t\t\t\t<p>Prevent Mi<\/p>\t\t\t\t\t\t\t\t<\/div>\n\t\t\t\t<\/div>\n\t\t\t\t\t<\/div>\n\t\t<\/div>\n\t\t\t\t\t<\/div>\n\t\t<\/section>\n\t\t\t\t<section class=\"elementor-section elementor-top-section elementor-element elementor-element-c889ee7 elementor-section-boxed elementor-section-height-default elementor-section-height-default wpr-particle-no wpr-jarallax-no wpr-parallax-no wpr-sticky-section-no wpr-equal-height-no\" data-id=\"c889ee7\" data-element_type=\"section\" data-e-type=\"section\">\n\t\t\t\t\t\t<div class=\"elementor-container elementor-column-gap-default\">\n\t\t\t\t\t<div class=\"elementor-column elementor-col-100 elementor-top-column elementor-element elementor-element-5c7aec2\" data-id=\"5c7aec2\" data-element_type=\"column\" data-e-type=\"column\">\n\t\t\t<div class=\"elementor-widget-wrap elementor-element-populated\">\n\t\t\t\t\t\t<div class=\"elementor-element elementor-element-ce61a47 wpr-grid-columns-1 wpr-grid-columns--tablet2 wpr-grid-columns--mobile1 wpr-item-styles-inner elementor-invisible elementor-widget elementor-widget-wpr-grid\" data-id=\"ce61a47\" data-element_type=\"widget\" data-e-type=\"widget\" data-settings=\"{&quot;_animation&quot;:&quot;fadeIn&quot;}\" data-widget_type=\"wpr-grid.default\">\n\t\t\t\t<div class=\"elementor-widget-container\">\n\t\t\t\t\t<ul class=\"wpr-grid-filters elementor-clearfix wpr-grid-filters-sep-right\"><li class=\" wpr-pointer-none wpr-pointer-line-fx wpr-pointer-fx-none\"><span  data-filter=\"*\" class=\"wpr-grid-filters-item wpr-active-filter \">All Posts<\/span><em class=\"wpr-grid-filters-sep\"><\/em><\/li><li class=\" wpr-pointer-none wpr-pointer-line-fx wpr-pointer-fx-none\"><span   data-ajax-filter=[\"category\",\"sin-categorizar\"]  data-filter=\".category-sin-categorizar\">Sin categorizar<\/span><em class=\"wpr-grid-filters-sep\"><\/em><\/li><\/ul><section class=\"wpr-grid elementor-clearfix\" data-settings=\"{&quot;layout&quot;:&quot;list&quot;,&quot;stick_last_element_to_bottom&quot;:&quot;no&quot;,&quot;columns_desktop&quot;:&quot;1&quot;,&quot;gutter_hr&quot;:22,&quot;gutter_hr_mobile&quot;:22,&quot;gutter_hr_mobile_extra&quot;:22,&quot;gutter_hr_tablet&quot;:22,&quot;gutter_hr_tablet_extra&quot;:22,&quot;gutter_hr_laptop&quot;:22,&quot;gutter_hr_widescreen&quot;:22,&quot;gutter_vr&quot;:36,&quot;gutter_vr_mobile&quot;:36,&quot;gutter_vr_mobile_extra&quot;:36,&quot;gutter_vr_tablet&quot;:36,&quot;gutter_vr_tablet_extra&quot;:36,&quot;gutter_vr_laptop&quot;:36,&quot;gutter_vr_widescreen&quot;:36,&quot;animation&quot;:&quot;default&quot;,&quot;animation_duration&quot;:0.3,&quot;animation_delay&quot;:0.1,&quot;deeplinking&quot;:&quot;&quot;,&quot;filters_linkable&quot;:&quot;no&quot;,&quot;filters_default_filter&quot;:&quot;&quot;,&quot;filters_count&quot;:&quot;&quot;,&quot;filters_hide_empty&quot;:&quot;no&quot;,&quot;filters_animation&quot;:&quot;default&quot;,&quot;filters_animation_duration&quot;:0.3,&quot;filters_animation_delay&quot;:0.1,&quot;pagination_type&quot;:&quot;load-more&quot;,&quot;pagination_max_pages&quot;:1,&quot;media_align&quot;:&quot;left&quot;,&quot;media_width&quot;:36,&quot;media_distance&quot;:7,&quot;lightbox&quot;:{&quot;selector&quot;:&quot;.wpr-grid-image-wrap&quot;,&quot;iframeMaxWidth&quot;:&quot;60%&quot;,&quot;hash&quot;:false,&quot;autoplay&quot;:&quot;true&quot;,&quot;pause&quot;:5000,&quot;progressBar&quot;:&quot;true&quot;,&quot;counter&quot;:&quot;true&quot;,&quot;controls&quot;:&quot;true&quot;,&quot;getCaptionFromTitleOrAlt&quot;:&quot;true&quot;,&quot;thumbnail&quot;:&quot;&quot;,&quot;showThumbByDefault&quot;:&quot;&quot;,&quot;share&quot;:&quot;&quot;,&quot;zoom&quot;:&quot;true&quot;,&quot;fullScreen&quot;:&quot;true&quot;,&quot;download&quot;:&quot;true&quot;}}\" data-advanced-filters=\"no\"><article class=\"wpr-grid-item elementor-clearfix post-711 post type-post status-publish format-standard has-post-thumbnail hentry category-sin-categorizar\"><div class=\"wpr-grid-item-inner\"><div class=\"wpr-grid-media-wrap wpr-effect-size-medium \" data-overlay-link=\"yes\"><div class=\"wpr-grid-image-wrap\" data-src=\"https:\/\/preventmi.infodef.com.es\/wp-content\/uploads\/2024\/08\/descarga.png\" data-img-on-hover=\"\"  data-src-secondary=\"\"><img decoding=\"async\" data-no-lazy=\"1\" src=\"https:\/\/preventmi.infodef.com.es\/wp-content\/uploads\/2024\/08\/descarga.png\" alt=\"La inteligencia emocional, un factor determinante para prevenir la radicalizaci\u00f3n\" class=\"wpr-anim-timing-ease-default\"><\/div><div class=\"wpr-grid-media-hover wpr-animation-wrap\"><div class=\"wpr-grid-media-hover-bg  wpr-overlay-fade-in wpr-anim-size-large wpr-anim-timing-ease-default wpr-anim-transparency\" data-url=\"https:\/\/preventmi.infodef.com.es\/es\/la-inteligencia-emocional-un-factor-determinante-para-prevenir-la-radicalizacion\/\"><\/div><\/div><\/div><div class=\"wpr-grid-item-below-content elementor-clearfix\"><h2 class=\"wpr-grid-item-title elementor-repeater-item-5491ed9 wpr-grid-item-display-block wpr-grid-item-align-left wpr-pointer-none wpr-pointer-line-fx wpr-pointer-fx-fade\"><div class=\"inner-block\"><a target=\"_self\"  href=\"https:\/\/preventmi.infodef.com.es\/es\/la-inteligencia-emocional-un-factor-determinante-para-prevenir-la-radicalizacion\/\">La inteligencia emocional, un factor determinante para prevenir la radicalizaci\u00f3n<\/a><\/div><\/h2><div class=\"wpr-grid-item-date elementor-repeater-item-1fa5330 wpr-grid-item-display-inline wpr-grid-item-align-left\"><div class=\"inner-block\"><span>5 de agosto de 2024<span class=\"wpr-grid-extra-text-right\">\/<\/span><\/span><\/div><\/div><div class=\"wpr-grid-item-excerpt elementor-repeater-item-5964dfd wpr-grid-item-display-block wpr-grid-item-align-left\"><div class=\"inner-block\"><p>Existe una conexi\u00f3n directa entre una baja Inteligencia Emocional y la susceptibilidad de la radicalizaci\u00f3n. El proyecto PreventiMI tiene como...<\/p><\/div><\/div><div class=\"wpr-grid-item-read-more elementor-repeater-item-4f00777 wpr-grid-item-display-block wpr-grid-item-align-left\"><div class=\"inner-block\"><a target=\"_self\" href=\"https:\/\/preventmi.infodef.com.es\/es\/la-inteligencia-emocional-un-factor-determinante-para-prevenir-la-radicalizacion\/\" class=\"wpr-button-effect wpr-button-none\"><span>Leer m\u00e1s<\/span><\/a><\/div><\/div><\/div><\/div><\/article><article class=\"wpr-grid-item elementor-clearfix post-710 post type-post status-publish format-standard has-post-thumbnail hentry category-sin-categorizar\"><div class=\"wpr-grid-item-inner\"><div class=\"wpr-grid-media-wrap wpr-effect-size-medium \" data-overlay-link=\"yes\"><div class=\"wpr-grid-image-wrap\" data-src=\"https:\/\/preventmi.infodef.com.es\/wp-content\/uploads\/2024\/06\/iStock-155153853-scaled.jpg\" data-img-on-hover=\"\"  data-src-secondary=\"\"><img decoding=\"async\" data-no-lazy=\"1\" src=\"https:\/\/preventmi.infodef.com.es\/wp-content\/uploads\/2024\/06\/iStock-155153853-scaled.jpg\" alt=\"outdoor student group check out social network site on digital tablet\" class=\"wpr-anim-timing-ease-default\"><\/div><div class=\"wpr-grid-media-hover wpr-animation-wrap\"><div class=\"wpr-grid-media-hover-bg  wpr-overlay-fade-in wpr-anim-size-large wpr-anim-timing-ease-default wpr-anim-transparency\" data-url=\"https:\/\/preventmi.infodef.com.es\/es\/en-que-consiste-el-plan-de-formacion-del-proyecto-preventmi\/\"><\/div><\/div><\/div><div class=\"wpr-grid-item-below-content elementor-clearfix\"><h2 class=\"wpr-grid-item-title elementor-repeater-item-5491ed9 wpr-grid-item-display-block wpr-grid-item-align-left wpr-pointer-none wpr-pointer-line-fx wpr-pointer-fx-fade\"><div class=\"inner-block\"><a target=\"_self\"  href=\"https:\/\/preventmi.infodef.com.es\/es\/en-que-consiste-el-plan-de-formacion-del-proyecto-preventmi\/\">\u00bfEn qu\u00e9 consiste el plan de formaci\u00f3n del proyecto \u00abPreventMI\u00bb?<\/a><\/div><\/h2><div class=\"wpr-grid-item-date elementor-repeater-item-1fa5330 wpr-grid-item-display-inline wpr-grid-item-align-left\"><div class=\"inner-block\"><span>12 de junio de 2024<span class=\"wpr-grid-extra-text-right\">\/<\/span><\/span><\/div><\/div><div class=\"wpr-grid-item-excerpt elementor-repeater-item-5964dfd wpr-grid-item-display-block wpr-grid-item-align-left\"><div class=\"inner-block\"><p>El plan de formaci\u00f3n del proyecto PreventiMI abarca diferentes \u00e1reas o unidades de aprendizaje:: El proceso de radicalizaci\u00f3n y los...<\/p><\/div><\/div><div class=\"wpr-grid-item-read-more elementor-repeater-item-4f00777 wpr-grid-item-display-block wpr-grid-item-align-left\"><div class=\"inner-block\"><a target=\"_self\" href=\"https:\/\/preventmi.infodef.com.es\/es\/en-que-consiste-el-plan-de-formacion-del-proyecto-preventmi\/\" class=\"wpr-button-effect wpr-button-none\"><span>Leer m\u00e1s<\/span><\/a><\/div><\/div><\/div><\/div><\/article><article class=\"wpr-grid-item elementor-clearfix post-709 post type-post status-publish format-standard has-post-thumbnail hentry category-sin-categorizar\"><div class=\"wpr-grid-item-inner\"><div class=\"wpr-grid-media-wrap wpr-effect-size-medium \" data-overlay-link=\"yes\"><div class=\"wpr-grid-image-wrap\" data-src=\"https:\/\/preventmi.infodef.com.es\/wp-content\/uploads\/2024\/04\/Pulso_T341.jpg\" data-img-on-hover=\"\"  data-src-secondary=\"\"><img decoding=\"async\" data-no-lazy=\"1\" src=\"https:\/\/preventmi.infodef.com.es\/wp-content\/uploads\/2024\/04\/Pulso_T341.jpg\" alt=\"\u00bfCu\u00e1l es el origen de la radicalizaci\u00f3n de los j\u00f3venes?\" class=\"wpr-anim-timing-ease-default\"><\/div><div class=\"wpr-grid-media-hover wpr-animation-wrap\"><div class=\"wpr-grid-media-hover-bg  wpr-overlay-fade-in wpr-anim-size-large wpr-anim-timing-ease-default wpr-anim-transparency\" data-url=\"https:\/\/preventmi.infodef.com.es\/es\/cual-es-el-origen-de-la-radicalizacion-de-los-jovenes\/\"><\/div><\/div><\/div><div class=\"wpr-grid-item-below-content elementor-clearfix\"><h2 class=\"wpr-grid-item-title elementor-repeater-item-5491ed9 wpr-grid-item-display-block wpr-grid-item-align-left wpr-pointer-none wpr-pointer-line-fx wpr-pointer-fx-fade\"><div class=\"inner-block\"><a target=\"_self\"  href=\"https:\/\/preventmi.infodef.com.es\/es\/cual-es-el-origen-de-la-radicalizacion-de-los-jovenes\/\">\u00bfCu\u00e1l es el origen de la radicalizaci\u00f3n de los j\u00f3venes?<\/a><\/div><\/h2><div class=\"wpr-grid-item-date elementor-repeater-item-1fa5330 wpr-grid-item-display-inline wpr-grid-item-align-left\"><div class=\"inner-block\"><span>1 de abril de 2024<span class=\"wpr-grid-extra-text-right\">\/<\/span><\/span><\/div><\/div><div class=\"wpr-grid-item-excerpt elementor-repeater-item-5964dfd wpr-grid-item-display-block wpr-grid-item-align-left\"><div class=\"inner-block\"><p>La radicalizaci\u00f3n entre los j\u00f3venes puede tener su origen en diversos factores, como la pol\u00edtica, la religi\u00f3n, el entorno, las...<\/p><\/div><\/div><div class=\"wpr-grid-item-read-more elementor-repeater-item-4f00777 wpr-grid-item-display-block wpr-grid-item-align-left\"><div class=\"inner-block\"><a target=\"_self\" href=\"https:\/\/preventmi.infodef.com.es\/es\/cual-es-el-origen-de-la-radicalizacion-de-los-jovenes\/\" class=\"wpr-button-effect wpr-button-none\"><span>Leer m\u00e1s<\/span><\/a><\/div><\/div><\/div><\/div><\/article><article class=\"wpr-grid-item elementor-clearfix post-708 post type-post status-publish format-standard has-post-thumbnail hentry category-sin-categorizar\"><div class=\"wpr-grid-item-inner\"><div class=\"wpr-grid-media-wrap wpr-effect-size-medium \" data-overlay-link=\"yes\"><div class=\"wpr-grid-image-wrap\" data-src=\"https:\/\/preventmi.infodef.com.es\/wp-content\/uploads\/2023\/12\/Linkedin1.jpg\" data-img-on-hover=\"\"  data-src-secondary=\"\"><img decoding=\"async\" data-no-lazy=\"1\" src=\"https:\/\/preventmi.infodef.com.es\/wp-content\/uploads\/2023\/12\/Linkedin1.jpg\" alt=\"Se pone en marcha el proyecto \u00abPreventMI\u00bb para prevenir la radicalizaci\u00f3n de los j\u00f3venes migrantes.\" class=\"wpr-anim-timing-ease-default\"><\/div><div class=\"wpr-grid-media-hover wpr-animation-wrap\"><div class=\"wpr-grid-media-hover-bg  wpr-overlay-fade-in wpr-anim-size-large wpr-anim-timing-ease-default wpr-anim-transparency\" data-url=\"https:\/\/preventmi.infodef.com.es\/es\/se-pone-en-marcha-el-proyecto-preventmi-para-prevenir-la-radicalizacion-de-los-jovenes-migrantes\/\"><\/div><\/div><\/div><div class=\"wpr-grid-item-below-content elementor-clearfix\"><h2 class=\"wpr-grid-item-title elementor-repeater-item-5491ed9 wpr-grid-item-display-block wpr-grid-item-align-left wpr-pointer-none wpr-pointer-line-fx wpr-pointer-fx-fade\"><div class=\"inner-block\"><a target=\"_self\"  href=\"https:\/\/preventmi.infodef.com.es\/es\/se-pone-en-marcha-el-proyecto-preventmi-para-prevenir-la-radicalizacion-de-los-jovenes-migrantes\/\">Se pone en marcha el proyecto \u00abPreventMI\u00bb para prevenir la radicalizaci\u00f3n de los j\u00f3venes migrantes.<\/a><\/div><\/h2><div class=\"wpr-grid-item-date elementor-repeater-item-1fa5330 wpr-grid-item-display-inline wpr-grid-item-align-left\"><div class=\"inner-block\"><span>5 de diciembre de 2023<span class=\"wpr-grid-extra-text-right\">\/<\/span><\/span><\/div><\/div><div class=\"wpr-grid-item-excerpt elementor-repeater-item-5964dfd wpr-grid-item-display-block wpr-grid-item-align-left\"><div class=\"inner-block\"><p>Ya est\u00e1 en marcha el proyecto PreventMI, dise\u00f1ado para prevenir la radicalizaci\u00f3n de los j\u00f3venes migrantes marginados mediante la aplicaci\u00f3n...<\/p><\/div><\/div><div class=\"wpr-grid-item-read-more elementor-repeater-item-4f00777 wpr-grid-item-display-block wpr-grid-item-align-left\"><div class=\"inner-block\"><a target=\"_self\" href=\"https:\/\/preventmi.infodef.com.es\/es\/se-pone-en-marcha-el-proyecto-preventmi-para-prevenir-la-radicalizacion-de-los-jovenes-migrantes\/\" class=\"wpr-button-effect wpr-button-none\"><span>Leer m\u00e1s<\/span><\/a><\/div><\/div><\/div><\/div><\/article><\/section>\t\t\t\t<\/div>\n\t\t\t\t<\/div>\n\t\t\t\t\t<\/div>\n\t\t<\/div>\n\t\t\t\t\t<\/div>\n\t\t<\/section>\n\t\t\t\t<\/div>\n\t\t","protected":false},"excerpt":{"rendered":"<p>Noticias Prevent Mi All Posts General Emotional intelligence, a determining factor for preventing radicalisation 05\/08\/2024\/ There is a direct connection between low EQ and susceptibility to radicalisation. The PreventiMI project aims to equip young migrants&#8230; Leer m\u00e1s What is the training plan of the &#8216;PreventMI&#8217; project? 12\/06\/2024\/ The training plan of the PreventiMI project covers different areas or learning units: The process of radicalisation and risk factors&#8230; Leer m\u00e1s Whats is the origin of the radicalisation of young people? 01\/04\/2024\/ Radicalisation among young people can originate from a variety of factors, such as politics, religion, environment, social issues and cultural&#8230; Leer m\u00e1s The &#8216;PreventMI&#8217; project to prevent radicalisation of young migrants is begun 05\/12\/2023\/ The PreventMI project, designed to prevent the radicalisation of marginalised young migrants through the application of emotional intelligence and transformative&#8230; Leer m\u00e1s<\/p>\n","protected":false},"author":1,"featured_media":0,"parent":0,"menu_order":0,"comment_status":"closed","ping_status":"closed","template":"elementor_header_footer","meta":{"footnotes":""},"class_list":["post-602","page","type-page","status-publish","hentry"],"_links":{"self":[{"href":"https:\/\/preventmi.infodef.com.es\/es\/wp-json\/wp\/v2\/pages\/602","targetHints":{"allow":["GET"]}}],"collection":[{"href":"https:\/\/preventmi.infodef.com.es\/es\/wp-json\/wp\/v2\/pages"}],"about":[{"href":"https:\/\/preventmi.infodef.com.es\/es\/wp-json\/wp\/v2\/types\/page"}],"author":[{"embeddable":true,"href":"https:\/\/preventmi.infodef.com.es\/es\/wp-json\/wp\/v2\/users\/1"}],"replies":[{"embeddable":true,"href":"https:\/\/preventmi.infodef.com.es\/es\/wp-json\/wp\/v2\/comments?post=602"}],"version-history":[{"count":1,"href":"https:\/\/preventmi.infodef.com.es\/es\/wp-json\/wp\/v2\/pages\/602\/revisions"}],"predecessor-version":[{"id":603,"href":"https:\/\/preventmi.infodef.com.es\/es\/wp-json\/wp\/v2\/pages\/602\/revisions\/603"}],"wp:attachment":[{"href":"https:\/\/preventmi.infodef.com.es\/es\/wp-json\/wp\/v2\/media?parent=602"}],"curies":[{"name":"wp","href":"https:\/\/api.w.org\/{rel}","templated":true}]}}